{"id":4579,"date":"2024-03-03T13:42:31","date_gmt":"2024-03-03T13:42:31","guid":{"rendered":"https:\/\/traveljoyegypt.com\/?post_type=product&#038;p=4579"},"modified":"2025-08-24T22:10:29","modified_gmt":"2025-08-24T22:10:29","slug":"nile-river-dinner-cruise-cairo-night-dance-show","status":"publish","type":"product","link":"https:\/\/traveljoyegypt.com\/cs\/tours\/nile-river-dinner-cruise-cairo-night-dance-show\/","title":{"rendered":"Plavba na ve\u010de\u0159i po K\u00e1hi\u0159e"},"content":{"rendered":"","protected":false},"excerpt":{"rendered":"<p>Indulge in a luxury Cairo experience aboard an elegant Nile dinner cruise including a sumptuous buffet, dazzling performances and scenic river views accompanied by a personal guide and driver.<\/p>","protected":false},"featured_media":6308,"comment_status":"open","ping_status":"closed","template":"","meta":{"_monsterinsights_skip_tracking":false,"_monsterinsights_sitenote_active":false,"_monsterinsights_sitenote_note":"","_monsterinsights_sitenote_category":0},"product_cat":[73,53,52],"product_tag":[],"class_list":{"0":"post-4579","1":"product","2":"type-product","3":"status-publish","4":"has-post-thumbnail","6":"product_cat-top-rated-egypt-tours","7":"product_cat-cairo-and-giza-day-tour","8":"product_cat-egypt-day-tours","10":"first","11":"instock","12":"shipping-taxable","13":"purchasable","14":"product-type-ovabrw_car_rental"},"acf":[],"_links":{"self":[{"href":"https:\/\/traveljoyegypt.com\/cs\/wp-json\/wp\/v2\/product\/4579","targetHints":{"allow":["GET"]}}],"collection":[{"href":"https:\/\/traveljoyegypt.com\/cs\/wp-json\/wp\/v2\/product"}],"about":[{"href":"https:\/\/traveljoyegypt.com\/cs\/wp-json\/wp\/v2\/types\/product"}],"replies":[{"embeddable":true,"href":"https:\/\/traveljoyegypt.com\/cs\/wp-json\/wp\/v2\/comments?post=4579"}],"wp:featuredmedia":[{"embeddable":true,"href":"https:\/\/traveljoyegypt.com\/cs\/wp-json\/wp\/v2\/media\/6308"}],"wp:attachment":[{"href":"https:\/\/traveljoyegypt.com\/cs\/wp-json\/wp\/v2\/media?parent=4579"}],"wp:term":[{"taxonomy":"product_cat","embeddable":true,"href":"https:\/\/traveljoyegypt.com\/cs\/wp-json\/wp\/v2\/product_cat?post=4579"},{"taxonomy":"product_tag","embeddable":true,"href":"https:\/\/traveljoyegypt.com\/cs\/wp-json\/wp\/v2\/product_tag?post=4579"}],"curies":[{"name":"wp","href":"https:\/\/api.w.org\/{rel}","templated":true}]}}