{"id":4605,"date":"2024-03-04T13:27:17","date_gmt":"2024-03-04T13:27:17","guid":{"rendered":"https:\/\/traveljoyegypt.com\/?post_type=product&#038;p=4605"},"modified":"2025-05-08T08:19:10","modified_gmt":"2025-05-08T08:19:10","slug":"giza-pyramids-tour-sphinx-saqqara-memphis","status":"publish","type":"product","link":"https:\/\/traveljoyegypt.com\/cs\/tours\/giza-pyramids-tour-sphinx-saqqara-memphis\/","title":{"rendered":"Celodenn\u00ed prohl\u00eddka G\u00edzy"},"content":{"rendered":"","protected":false},"excerpt":{"rendered":"<p>Visiting the iconic Pyramids of Giza, enigmatic Sphinx, temples of Saqqara and Memphis&#8217; ruins, gaining profound insights into Egypt&#8217;s architectural feats and cultural heritage with a dedicated guide.<\/p>","protected":false},"featured_media":6195,"comment_status":"open","ping_status":"closed","template":"","meta":{"_monsterinsights_skip_tracking":false,"_monsterinsights_sitenote_active":false,"_monsterinsights_sitenote_note":"","_monsterinsights_sitenote_category":0},"product_cat":[73,53,52],"product_tag":[],"class_list":{"0":"post-4605","1":"product","2":"type-product","3":"status-publish","4":"has-post-thumbnail","6":"product_cat-top-rated-egypt-tours","7":"product_cat-cairo-and-giza-day-tour","8":"product_cat-egypt-day-tours","10":"first","11":"instock","12":"shipping-taxable","13":"purchasable","14":"product-type-ovabrw_car_rental"},"acf":[],"_links":{"self":[{"href":"https:\/\/traveljoyegypt.com\/cs\/wp-json\/wp\/v2\/product\/4605","targetHints":{"allow":["GET"]}}],"collection":[{"href":"https:\/\/traveljoyegypt.com\/cs\/wp-json\/wp\/v2\/product"}],"about":[{"href":"https:\/\/traveljoyegypt.com\/cs\/wp-json\/wp\/v2\/types\/product"}],"replies":[{"embeddable":true,"href":"https:\/\/traveljoyegypt.com\/cs\/wp-json\/wp\/v2\/comments?post=4605"}],"wp:featuredmedia":[{"embeddable":true,"href":"https:\/\/traveljoyegypt.com\/cs\/wp-json\/wp\/v2\/media\/6195"}],"wp:attachment":[{"href":"https:\/\/traveljoyegypt.com\/cs\/wp-json\/wp\/v2\/media?parent=4605"}],"wp:term":[{"taxonomy":"product_cat","embeddable":true,"href":"https:\/\/traveljoyegypt.com\/cs\/wp-json\/wp\/v2\/product_cat?post=4605"},{"taxonomy":"product_tag","embeddable":true,"href":"https:\/\/traveljoyegypt.com\/cs\/wp-json\/wp\/v2\/product_tag?post=4605"}],"curies":[{"name":"wp","href":"https:\/\/api.w.org\/{rel}","templated":true}]}}