{"id":4664,"date":"2024-03-06T13:42:03","date_gmt":"2024-03-06T13:42:03","guid":{"rendered":"https:\/\/traveljoyegypt.com\/?post_type=product&#038;p=4664"},"modified":"2024-11-14T08:32:27","modified_gmt":"2024-11-14T08:32:27","slug":"el-alamein-full-day-private-tour-from-alexandria","status":"publish","type":"product","link":"https:\/\/traveljoyegypt.com\/cs\/tours\/el-alamein-full-day-private-tour-from-alexandria\/","title":{"rendered":"Soukrom\u00fd jednodenn\u00ed v\u00fdlet do El Alameinu z Alexandrie"},"content":{"rendered":"","protected":false},"excerpt":{"rendered":"<p>Gain insights into the important World War 2 Battle of El Alamein through private explorations of its memorable sites including the extensive Military Museum and solemn cemeteries, guided by a specialist along the scenic coastline.<\/p>","protected":false},"featured_media":5947,"comment_status":"open","ping_status":"closed","template":"","meta":{"_monsterinsights_skip_tracking":false,"_monsterinsights_sitenote_active":false,"_monsterinsights_sitenote_note":"","_monsterinsights_sitenote_category":0},"product_cat":[99,54,52],"product_tag":[],"class_list":{"0":"post-4664","1":"product","2":"type-product","3":"status-publish","4":"has-post-thumbnail","6":"product_cat-alexandria","7":"product_cat-alexandria-mediterranean-coast","8":"product_cat-egypt-day-tours","10":"first","11":"instock","12":"shipping-taxable","13":"purchasable","14":"product-type-ovabrw_car_rental"},"acf":[],"_links":{"self":[{"href":"https:\/\/traveljoyegypt.com\/cs\/wp-json\/wp\/v2\/product\/4664","targetHints":{"allow":["GET"]}}],"collection":[{"href":"https:\/\/traveljoyegypt.com\/cs\/wp-json\/wp\/v2\/product"}],"about":[{"href":"https:\/\/traveljoyegypt.com\/cs\/wp-json\/wp\/v2\/types\/product"}],"replies":[{"embeddable":true,"href":"https:\/\/traveljoyegypt.com\/cs\/wp-json\/wp\/v2\/comments?post=4664"}],"wp:featuredmedia":[{"embeddable":true,"href":"https:\/\/traveljoyegypt.com\/cs\/wp-json\/wp\/v2\/media\/5947"}],"wp:attachment":[{"href":"https:\/\/traveljoyegypt.com\/cs\/wp-json\/wp\/v2\/media?parent=4664"}],"wp:term":[{"taxonomy":"product_cat","embeddable":true,"href":"https:\/\/traveljoyegypt.com\/cs\/wp-json\/wp\/v2\/product_cat?post=4664"},{"taxonomy":"product_tag","embeddable":true,"href":"https:\/\/traveljoyegypt.com\/cs\/wp-json\/wp\/v2\/product_tag?post=4664"}],"curies":[{"name":"wp","href":"https:\/\/api.w.org\/{rel}","templated":true}]}}