{"id":4666,"date":"2024-03-06T13:46:55","date_gmt":"2024-03-06T13:46:55","guid":{"rendered":"https:\/\/traveljoyegypt.com\/?post_type=product&#038;p=4666"},"modified":"2024-11-14T08:32:11","modified_gmt":"2024-11-14T08:32:11","slug":"alexandria-archeological-tour-from-cairo-library-of-alex-qaitbay-theater-catacomb-pillar","status":"publish","type":"product","link":"https:\/\/traveljoyegypt.com\/cs\/tours\/alexandria-archeological-tour-from-cairo-library-of-alex-qaitbay-theater-catacomb-pillar\/","title":{"rendered":"Celodenn\u00ed archeologick\u00e1 prohl\u00eddka Alexandrie"},"content":{"rendered":"","protected":false},"excerpt":{"rendered":"<p>Discover Alexandria&#8217;s illustrious past through its architectural and archaeological gems on this comprehensive tour, from the magnificent Roman Theatre to the underground chambers of the Catacomb of Kom El-Shokafa and the scenic citadel, gaining insights into its former glory.<\/p>","protected":false},"featured_media":6217,"comment_status":"open","ping_status":"closed","template":"","meta":{"_monsterinsights_skip_tracking":false,"_monsterinsights_sitenote_active":false,"_monsterinsights_sitenote_note":"","_monsterinsights_sitenote_category":0},"product_cat":[99,54,52],"product_tag":[],"class_list":{"0":"post-4666","1":"product","2":"type-product","3":"status-publish","4":"has-post-thumbnail","6":"product_cat-alexandria","7":"product_cat-alexandria-mediterranean-coast","8":"product_cat-egypt-day-tours","10":"first","11":"instock","12":"shipping-taxable","13":"purchasable","14":"product-type-ovabrw_car_rental"},"acf":[],"_links":{"self":[{"href":"https:\/\/traveljoyegypt.com\/cs\/wp-json\/wp\/v2\/product\/4666","targetHints":{"allow":["GET"]}}],"collection":[{"href":"https:\/\/traveljoyegypt.com\/cs\/wp-json\/wp\/v2\/product"}],"about":[{"href":"https:\/\/traveljoyegypt.com\/cs\/wp-json\/wp\/v2\/types\/product"}],"replies":[{"embeddable":true,"href":"https:\/\/traveljoyegypt.com\/cs\/wp-json\/wp\/v2\/comments?post=4666"}],"wp:featuredmedia":[{"embeddable":true,"href":"https:\/\/traveljoyegypt.com\/cs\/wp-json\/wp\/v2\/media\/6217"}],"wp:attachment":[{"href":"https:\/\/traveljoyegypt.com\/cs\/wp-json\/wp\/v2\/media?parent=4666"}],"wp:term":[{"taxonomy":"product_cat","embeddable":true,"href":"https:\/\/traveljoyegypt.com\/cs\/wp-json\/wp\/v2\/product_cat?post=4666"},{"taxonomy":"product_tag","embeddable":true,"href":"https:\/\/traveljoyegypt.com\/cs\/wp-json\/wp\/v2\/product_tag?post=4666"}],"curies":[{"name":"wp","href":"https:\/\/api.w.org\/{rel}","templated":true}]}}