{"id":4669,"date":"2024-03-06T13:57:10","date_gmt":"2024-03-06T13:57:10","guid":{"rendered":"https:\/\/traveljoyegypt.com\/?post_type=product&#038;p=4669"},"modified":"2025-05-08T08:26:26","modified_gmt":"2025-05-08T08:26:26","slug":"abu-simbel-temple-tour-from-aswan-by-bus","status":"publish","type":"product","link":"https:\/\/traveljoyegypt.com\/cs\/tours\/abu-simbel-temple-tour-from-aswan-by-bus\/","title":{"rendered":"Celodenn\u00ed v\u00fdlet do Ab\u00fa Simbelu z Asu\u00e1nu"},"content":{"rendered":"","protected":false},"excerpt":{"rendered":"<p>Experience the heritage site of Abu Simbel on this extraordinary sunrise day tour from Aswan. Tour departs at 3 AM to arrive as sunlight illuminates the grand temples of Ramasses II and Queen Nefertari, with an expert guide providing invaluable historical context throughout.<\/p>","protected":false},"featured_media":4671,"comment_status":"open","ping_status":"closed","template":"","meta":{"_monsterinsights_skip_tracking":false,"_monsterinsights_sitenote_active":false,"_monsterinsights_sitenote_note":"","_monsterinsights_sitenote_category":0},"product_cat":[98,55,52],"product_tag":[],"class_list":{"0":"post-4669","1":"product","2":"type-product","3":"status-publish","4":"has-post-thumbnail","6":"product_cat-aswan","7":"product_cat-aswan-nubia-day-tours","8":"product_cat-egypt-day-tours","10":"first","11":"instock","12":"shipping-taxable","13":"purchasable","14":"product-type-ovabrw_car_rental"},"acf":[],"_links":{"self":[{"href":"https:\/\/traveljoyegypt.com\/cs\/wp-json\/wp\/v2\/product\/4669","targetHints":{"allow":["GET"]}}],"collection":[{"href":"https:\/\/traveljoyegypt.com\/cs\/wp-json\/wp\/v2\/product"}],"about":[{"href":"https:\/\/traveljoyegypt.com\/cs\/wp-json\/wp\/v2\/types\/product"}],"replies":[{"embeddable":true,"href":"https:\/\/traveljoyegypt.com\/cs\/wp-json\/wp\/v2\/comments?post=4669"}],"wp:featuredmedia":[{"embeddable":true,"href":"https:\/\/traveljoyegypt.com\/cs\/wp-json\/wp\/v2\/media\/4671"}],"wp:attachment":[{"href":"https:\/\/traveljoyegypt.com\/cs\/wp-json\/wp\/v2\/media?parent=4669"}],"wp:term":[{"taxonomy":"product_cat","embeddable":true,"href":"https:\/\/traveljoyegypt.com\/cs\/wp-json\/wp\/v2\/product_cat?post=4669"},{"taxonomy":"product_tag","embeddable":true,"href":"https:\/\/traveljoyegypt.com\/cs\/wp-json\/wp\/v2\/product_tag?post=4669"}],"curies":[{"name":"wp","href":"https:\/\/api.w.org\/{rel}","templated":true}]}}