{"id":4689,"date":"2024-03-06T14:40:34","date_gmt":"2024-03-06T14:40:34","guid":{"rendered":"https:\/\/traveljoyegypt.com\/?post_type=product&#038;p=4689"},"modified":"2025-08-24T21:10:45","modified_gmt":"2025-08-24T21:10:45","slug":"ras-muhammad-snorkel-and-desert-safari-from-sharm-el-sheikh","status":"publish","type":"product","link":"https:\/\/traveljoyegypt.com\/cs\/tours\/ras-muhammad-snorkel-and-desert-safari-from-sharm-el-sheikh\/","title":{"rendered":"Ras Muhammad \u0160norchlov\u00e1n\u00ed a pou\u0161tn\u00ed safari"},"content":{"rendered":"","protected":false},"excerpt":{"rendered":"<p>Experience\u00a0Bedouin culture through this extraordinary day tour. Snorkel Ras Muhammad&#8217;s vibrant reefs, zoom desert dunes by quad, sip mint tea amongst storytellers, then feast under stars and lively dance. Cultural immersion and adventure await through interactions with my expert team across scenic Red Sea and Saharan landscapes. Inquire within for reservations and pickup arrangements from Sharm El-Sheikh hotels.<\/p>","protected":false},"featured_media":4690,"comment_status":"open","ping_status":"closed","template":"","meta":{"_monsterinsights_skip_tracking":false,"_monsterinsights_sitenote_active":false,"_monsterinsights_sitenote_note":"","_monsterinsights_sitenote_category":0},"product_cat":[52,100,57],"product_tag":[],"class_list":{"0":"post-4689","1":"product","2":"type-product","3":"status-publish","4":"has-post-thumbnail","6":"product_cat-egypt-day-tours","7":"product_cat-red-sea","8":"product_cat-red-sea-sinai-tours","10":"first","11":"instock","12":"shipping-taxable","13":"purchasable","14":"product-type-ovabrw_car_rental"},"acf":[],"_links":{"self":[{"href":"https:\/\/traveljoyegypt.com\/cs\/wp-json\/wp\/v2\/product\/4689","targetHints":{"allow":["GET"]}}],"collection":[{"href":"https:\/\/traveljoyegypt.com\/cs\/wp-json\/wp\/v2\/product"}],"about":[{"href":"https:\/\/traveljoyegypt.com\/cs\/wp-json\/wp\/v2\/types\/product"}],"replies":[{"embeddable":true,"href":"https:\/\/traveljoyegypt.com\/cs\/wp-json\/wp\/v2\/comments?post=4689"}],"wp:featuredmedia":[{"embeddable":true,"href":"https:\/\/traveljoyegypt.com\/cs\/wp-json\/wp\/v2\/media\/4690"}],"wp:attachment":[{"href":"https:\/\/traveljoyegypt.com\/cs\/wp-json\/wp\/v2\/media?parent=4689"}],"wp:term":[{"taxonomy":"product_cat","embeddable":true,"href":"https:\/\/traveljoyegypt.com\/cs\/wp-json\/wp\/v2\/product_cat?post=4689"},{"taxonomy":"product_tag","embeddable":true,"href":"https:\/\/traveljoyegypt.com\/cs\/wp-json\/wp\/v2\/product_tag?post=4689"}],"curies":[{"name":"wp","href":"https:\/\/api.w.org\/{rel}","templated":true}]}}