{"id":4749,"date":"2024-03-13T20:38:59","date_gmt":"2024-03-13T20:38:59","guid":{"rendered":"https:\/\/traveljoyegypt.com\/?post_type=product&#038;p=4749"},"modified":"2024-11-15T13:05:14","modified_gmt":"2024-11-15T13:05:14","slug":"explore-egypt-in-11-days-10-nights-tours-giza-pyramids-cairo-city-hurghada-beach-aswan-dam-luxor-temples","status":"publish","type":"product","link":"https:\/\/traveljoyegypt.com\/cs\/tours\/explore-egypt-in-11-days-10-nights-tours-giza-pyramids-cairo-city-hurghada-beach-aswan-dam-luxor-temples\/","title":{"rendered":"Bal\u00ed\u010dek z\u00e1jezd\u016f do Egypta na 11 dn\u00ed"},"content":{"rendered":"","protected":false},"excerpt":{"rendered":"<p>Explore iconic pyramids, temples and ancient artifacts with an Egyptologist guide on this Cairo, Nile cruise and Alexandria tour including domestic flights and luxury accommodations.<\/p>","protected":false},"featured_media":6036,"comment_status":"open","ping_status":"closed","template":"","meta":{"_monsterinsights_skip_tracking":false,"_monsterinsights_sitenote_active":false,"_monsterinsights_sitenote_note":"","_monsterinsights_sitenote_category":0},"product_cat":[71,61],"product_tag":[],"class_list":{"0":"post-4749","1":"product","2":"type-product","3":"status-publish","4":"has-post-thumbnail","6":"product_cat-egypt-holiday-tour-packages-for-11-days-10-nights","7":"product_cat-egypt-tours-travel-packages-trip-deals","9":"first","10":"instock","11":"shipping-taxable","12":"purchasable","13":"product-type-ovabrw_car_rental"},"acf":[],"_links":{"self":[{"href":"https:\/\/traveljoyegypt.com\/cs\/wp-json\/wp\/v2\/product\/4749","targetHints":{"allow":["GET"]}}],"collection":[{"href":"https:\/\/traveljoyegypt.com\/cs\/wp-json\/wp\/v2\/product"}],"about":[{"href":"https:\/\/traveljoyegypt.com\/cs\/wp-json\/wp\/v2\/types\/product"}],"replies":[{"embeddable":true,"href":"https:\/\/traveljoyegypt.com\/cs\/wp-json\/wp\/v2\/comments?post=4749"}],"wp:featuredmedia":[{"embeddable":true,"href":"https:\/\/traveljoyegypt.com\/cs\/wp-json\/wp\/v2\/media\/6036"}],"wp:attachment":[{"href":"https:\/\/traveljoyegypt.com\/cs\/wp-json\/wp\/v2\/media?parent=4749"}],"wp:term":[{"taxonomy":"product_cat","embeddable":true,"href":"https:\/\/traveljoyegypt.com\/cs\/wp-json\/wp\/v2\/product_cat?post=4749"},{"taxonomy":"product_tag","embeddable":true,"href":"https:\/\/traveljoyegypt.com\/cs\/wp-json\/wp\/v2\/product_tag?post=4749"}],"curies":[{"name":"wp","href":"https:\/\/api.w.org\/{rel}","templated":true}]}}