{"id":5621,"date":"2024-04-15T08:54:04","date_gmt":"2024-04-15T08:54:04","guid":{"rendered":"https:\/\/traveljoyegypt.com\/?post_type=product&#038;p=5621"},"modified":"2025-05-08T09:05:38","modified_gmt":"2025-05-08T09:05:38","slug":"5-days-tour-cairo-luxor-aswan","status":"publish","type":"product","link":"https:\/\/traveljoyegypt.com\/cs\/tours\/5-days-tour-cairo-luxor-aswan\/","title":{"rendered":"5denn\u00ed z\u00e1jezd K\u00e1hira, Luxor a Asu\u00e1n"},"content":{"rendered":"","protected":false},"excerpt":{"rendered":"<p>Explore ancient Egyptian temples and discover the mysteries of the Pyramids on this 5-day Cairo to Aswan small group tour.<\/p>","protected":false},"featured_media":6084,"comment_status":"open","ping_status":"closed","template":"","meta":{"_monsterinsights_skip_tracking":false,"_monsterinsights_sitenote_active":false,"_monsterinsights_sitenote_note":"","_monsterinsights_sitenote_category":0},"product_cat":[65,98,97,61],"product_tag":[],"class_list":{"0":"post-5621","1":"product","2":"type-product","3":"status-publish","4":"has-post-thumbnail","6":"product_cat-cheap-egypt-vacation-offers-5-days-4-nights","7":"product_cat-aswan","8":"product_cat-luxor","9":"product_cat-egypt-tours-travel-packages-trip-deals","11":"first","12":"instock","13":"shipping-taxable","14":"purchasable","15":"product-type-ovabrw_car_rental"},"acf":[],"_links":{"self":[{"href":"https:\/\/traveljoyegypt.com\/cs\/wp-json\/wp\/v2\/product\/5621","targetHints":{"allow":["GET"]}}],"collection":[{"href":"https:\/\/traveljoyegypt.com\/cs\/wp-json\/wp\/v2\/product"}],"about":[{"href":"https:\/\/traveljoyegypt.com\/cs\/wp-json\/wp\/v2\/types\/product"}],"replies":[{"embeddable":true,"href":"https:\/\/traveljoyegypt.com\/cs\/wp-json\/wp\/v2\/comments?post=5621"}],"wp:featuredmedia":[{"embeddable":true,"href":"https:\/\/traveljoyegypt.com\/cs\/wp-json\/wp\/v2\/media\/6084"}],"wp:attachment":[{"href":"https:\/\/traveljoyegypt.com\/cs\/wp-json\/wp\/v2\/media?parent=5621"}],"wp:term":[{"taxonomy":"product_cat","embeddable":true,"href":"https:\/\/traveljoyegypt.com\/cs\/wp-json\/wp\/v2\/product_cat?post=5621"},{"taxonomy":"product_tag","embeddable":true,"href":"https:\/\/traveljoyegypt.com\/cs\/wp-json\/wp\/v2\/product_tag?post=5621"}],"curies":[{"name":"wp","href":"https:\/\/api.w.org\/{rel}","templated":true}]}}