{"id":5623,"date":"2024-04-15T11:09:13","date_gmt":"2024-04-15T11:09:13","guid":{"rendered":"https:\/\/traveljoyegypt.com\/?post_type=product&#038;p=5623"},"modified":"2025-09-21T19:52:34","modified_gmt":"2025-09-21T19:52:34","slug":"5-days-merit-dahabiya-nile-river-cruise-luxor-aswan","status":"publish","type":"product","link":"https:\/\/traveljoyegypt.com\/cs\/tours\/5-days-merit-dahabiya-nile-river-cruise-luxor-aswan\/","title":{"rendered":"5denn\u00ed plavba lod\u00ed Merit Dahabiya po Nilu z Luxoru do Asu\u00e1nu"},"content":{"rendered":"","protected":false},"excerpt":{"rendered":"<p>Luxurious 5-day Nile cruise between Luxor and Aswan. Explore ancient sites in comfort onboard the Merit Dahabiya, visiting attractions like the Valley of Kings and Aswan High Dam along the scenic river.<\/p>","protected":false},"featured_media":5931,"comment_status":"open","ping_status":"closed","template":"","meta":{"_monsterinsights_skip_tracking":false,"_monsterinsights_sitenote_active":false,"_monsterinsights_sitenote_note":"","_monsterinsights_sitenote_category":0},"product_cat":[65,98,61],"product_tag":[],"class_list":{"0":"post-5623","1":"product","2":"type-product","3":"status-publish","4":"has-post-thumbnail","6":"product_cat-cheap-egypt-vacation-offers-5-days-4-nights","7":"product_cat-aswan","8":"product_cat-egypt-tours-travel-packages-trip-deals","10":"first","11":"instock","12":"shipping-taxable","13":"purchasable","14":"product-type-ovabrw_car_rental"},"acf":[],"_links":{"self":[{"href":"https:\/\/traveljoyegypt.com\/cs\/wp-json\/wp\/v2\/product\/5623","targetHints":{"allow":["GET"]}}],"collection":[{"href":"https:\/\/traveljoyegypt.com\/cs\/wp-json\/wp\/v2\/product"}],"about":[{"href":"https:\/\/traveljoyegypt.com\/cs\/wp-json\/wp\/v2\/types\/product"}],"replies":[{"embeddable":true,"href":"https:\/\/traveljoyegypt.com\/cs\/wp-json\/wp\/v2\/comments?post=5623"}],"wp:featuredmedia":[{"embeddable":true,"href":"https:\/\/traveljoyegypt.com\/cs\/wp-json\/wp\/v2\/media\/5931"}],"wp:attachment":[{"href":"https:\/\/traveljoyegypt.com\/cs\/wp-json\/wp\/v2\/media?parent=5623"}],"wp:term":[{"taxonomy":"product_cat","embeddable":true,"href":"https:\/\/traveljoyegypt.com\/cs\/wp-json\/wp\/v2\/product_cat?post=5623"},{"taxonomy":"product_tag","embeddable":true,"href":"https:\/\/traveljoyegypt.com\/cs\/wp-json\/wp\/v2\/product_tag?post=5623"}],"curies":[{"name":"wp","href":"https:\/\/api.w.org\/{rel}","templated":true}]}}