{"id":5629,"date":"2024-04-16T00:23:31","date_gmt":"2024-04-16T00:23:31","guid":{"rendered":"https:\/\/traveljoyegypt.com\/?post_type=product&#038;p=5629"},"modified":"2024-11-14T08:33:08","modified_gmt":"2024-11-14T08:33:08","slug":"8-days-tour-cairo-alexandria-luxor-aswan","status":"publish","type":"product","link":"https:\/\/traveljoyegypt.com\/cs\/tours\/8-days-tour-cairo-alexandria-luxor-aswan\/","title":{"rendered":"8denn\u00ed z\u00e1jezd K\u00e1hira, Alexandrie, Luxor, Asu\u00e1n"},"content":{"rendered":"","protected":false},"excerpt":{"rendered":"<p>Discover Egypt&#8217;s iconic sites with this 8-day tour. Top attractions like the Pyramids, Abu Simbel and Valley of Kings included.<\/p>","protected":false},"featured_media":6178,"comment_status":"open","ping_status":"closed","template":"","meta":{"_monsterinsights_skip_tracking":false,"_monsterinsights_sitenote_active":false,"_monsterinsights_sitenote_note":"","_monsterinsights_sitenote_category":0},"product_cat":[68,99,98,61],"product_tag":[],"class_list":{"0":"post-5629","1":"product","2":"type-product","3":"status-publish","4":"has-post-thumbnail","6":"product_cat-egypt-tours-holidays-8-days-7-nights","7":"product_cat-alexandria","8":"product_cat-aswan","9":"product_cat-egypt-tours-travel-packages-trip-deals","11":"first","12":"instock","13":"shipping-taxable","14":"purchasable","15":"product-type-ovabrw_car_rental"},"acf":[],"_links":{"self":[{"href":"https:\/\/traveljoyegypt.com\/cs\/wp-json\/wp\/v2\/product\/5629","targetHints":{"allow":["GET"]}}],"collection":[{"href":"https:\/\/traveljoyegypt.com\/cs\/wp-json\/wp\/v2\/product"}],"about":[{"href":"https:\/\/traveljoyegypt.com\/cs\/wp-json\/wp\/v2\/types\/product"}],"replies":[{"embeddable":true,"href":"https:\/\/traveljoyegypt.com\/cs\/wp-json\/wp\/v2\/comments?post=5629"}],"wp:featuredmedia":[{"embeddable":true,"href":"https:\/\/traveljoyegypt.com\/cs\/wp-json\/wp\/v2\/media\/6178"}],"wp:attachment":[{"href":"https:\/\/traveljoyegypt.com\/cs\/wp-json\/wp\/v2\/media?parent=5629"}],"wp:term":[{"taxonomy":"product_cat","embeddable":true,"href":"https:\/\/traveljoyegypt.com\/cs\/wp-json\/wp\/v2\/product_cat?post=5629"},{"taxonomy":"product_tag","embeddable":true,"href":"https:\/\/traveljoyegypt.com\/cs\/wp-json\/wp\/v2\/product_tag?post=5629"}],"curies":[{"name":"wp","href":"https:\/\/api.w.org\/{rel}","templated":true}]}}