{"id":5649,"date":"2024-04-16T15:18:17","date_gmt":"2024-04-16T15:18:17","guid":{"rendered":"https:\/\/traveljoyegypt.com\/?post_type=product&#038;p=5649"},"modified":"2025-08-23T16:17:58","modified_gmt":"2025-08-23T16:17:58","slug":"10-days-egypt-nile-cruise-lake-nasser","status":"publish","type":"product","link":"https:\/\/traveljoyegypt.com\/cs\/tours\/10-days-egypt-nile-cruise-lake-nasser\/","title":{"rendered":"10 dn\u00ed plavby po Nilu a Nasserov\u011b jeze\u0159e"},"content":{"rendered":"","protected":false},"excerpt":{"rendered":"<p>Experience the highlights of ancient Egypt through relaxing Nile River and Lake Nasser cruises, touring top attractions in Luxor, Aswan and Abu Simbel.<\/p>","protected":false},"featured_media":6096,"comment_status":"open","ping_status":"closed","template":"","meta":{"_monsterinsights_skip_tracking":false,"_monsterinsights_sitenote_active":false,"_monsterinsights_sitenote_note":"","_monsterinsights_sitenote_category":0},"product_cat":[70,61],"product_tag":[],"class_list":{"0":"post-5649","1":"product","2":"type-product","3":"status-publish","4":"has-post-thumbnail","6":"product_cat-best-egypt-travel-deals-offers-10-days-9-nights","7":"product_cat-egypt-tours-travel-packages-trip-deals","9":"first","10":"instock","11":"shipping-taxable","12":"purchasable","13":"product-type-ovabrw_car_rental"},"acf":[],"_links":{"self":[{"href":"https:\/\/traveljoyegypt.com\/cs\/wp-json\/wp\/v2\/product\/5649","targetHints":{"allow":["GET"]}}],"collection":[{"href":"https:\/\/traveljoyegypt.com\/cs\/wp-json\/wp\/v2\/product"}],"about":[{"href":"https:\/\/traveljoyegypt.com\/cs\/wp-json\/wp\/v2\/types\/product"}],"replies":[{"embeddable":true,"href":"https:\/\/traveljoyegypt.com\/cs\/wp-json\/wp\/v2\/comments?post=5649"}],"wp:featuredmedia":[{"embeddable":true,"href":"https:\/\/traveljoyegypt.com\/cs\/wp-json\/wp\/v2\/media\/6096"}],"wp:attachment":[{"href":"https:\/\/traveljoyegypt.com\/cs\/wp-json\/wp\/v2\/media?parent=5649"}],"wp:term":[{"taxonomy":"product_cat","embeddable":true,"href":"https:\/\/traveljoyegypt.com\/cs\/wp-json\/wp\/v2\/product_cat?post=5649"},{"taxonomy":"product_tag","embeddable":true,"href":"https:\/\/traveljoyegypt.com\/cs\/wp-json\/wp\/v2\/product_tag?post=5649"}],"curies":[{"name":"wp","href":"https:\/\/api.w.org\/{rel}","templated":true}]}}