{"id":5692,"date":"2024-04-17T05:27:35","date_gmt":"2024-04-17T05:27:35","guid":{"rendered":"https:\/\/traveljoyegypt.com\/?post_type=product&#038;p=5692"},"modified":"2025-08-19T22:52:29","modified_gmt":"2025-08-19T22:52:29","slug":"10-days-easter-holiday-egypt","status":"publish","type":"product","link":"https:\/\/traveljoyegypt.com\/cs\/tours\/10-days-easter-holiday-egypt\/","title":{"rendered":"10 dn\u00ed velikono\u010dn\u00ed dovolen\u00e9 v Egypt\u011b"},"content":{"rendered":"","protected":false},"excerpt":{"rendered":"<p>Spend Easter in Egypt and Explore legendary sites on a small group tour to Cairo, Giza, Luxor, Aswan to Hurghada<\/p>","protected":false},"featured_media":6126,"comment_status":"open","ping_status":"closed","template":"","meta":{"_monsterinsights_skip_tracking":false,"_monsterinsights_sitenote_active":false,"_monsterinsights_sitenote_note":"","_monsterinsights_sitenote_category":0},"product_cat":[98,61,77],"product_tag":[],"class_list":{"0":"post-5692","1":"product","2":"type-product","3":"status-publish","4":"has-post-thumbnail","6":"product_cat-aswan","7":"product_cat-egypt-tours-travel-packages-trip-deals","8":"product_cat-small-groups","10":"first","11":"instock","12":"shipping-taxable","13":"purchasable","14":"product-type-ovabrw_car_rental"},"acf":[],"_links":{"self":[{"href":"https:\/\/traveljoyegypt.com\/cs\/wp-json\/wp\/v2\/product\/5692","targetHints":{"allow":["GET"]}}],"collection":[{"href":"https:\/\/traveljoyegypt.com\/cs\/wp-json\/wp\/v2\/product"}],"about":[{"href":"https:\/\/traveljoyegypt.com\/cs\/wp-json\/wp\/v2\/types\/product"}],"replies":[{"embeddable":true,"href":"https:\/\/traveljoyegypt.com\/cs\/wp-json\/wp\/v2\/comments?post=5692"}],"wp:featuredmedia":[{"embeddable":true,"href":"https:\/\/traveljoyegypt.com\/cs\/wp-json\/wp\/v2\/media\/6126"}],"wp:attachment":[{"href":"https:\/\/traveljoyegypt.com\/cs\/wp-json\/wp\/v2\/media?parent=5692"}],"wp:term":[{"taxonomy":"product_cat","embeddable":true,"href":"https:\/\/traveljoyegypt.com\/cs\/wp-json\/wp\/v2\/product_cat?post=5692"},{"taxonomy":"product_tag","embeddable":true,"href":"https:\/\/traveljoyegypt.com\/cs\/wp-json\/wp\/v2\/product_tag?post=5692"}],"curies":[{"name":"wp","href":"https:\/\/api.w.org\/{rel}","templated":true}]}}