{"id":5830,"date":"2024-04-19T09:03:03","date_gmt":"2024-04-19T09:03:03","guid":{"rendered":"https:\/\/traveljoyegypt.com\/?post_type=product&#038;p=5830"},"modified":"2025-08-19T22:56:27","modified_gmt":"2025-08-19T22:56:27","slug":"10-days-egypt-jordan-tour-package","status":"publish","type":"product","link":"https:\/\/traveljoyegypt.com\/cs\/tours\/10-days-egypt-jordan-tour-package\/","title":{"rendered":"10denn\u00ed bal\u00ed\u010dek Egypt a Jord\u00e1nsko"},"content":{"rendered":"","protected":false},"excerpt":{"rendered":"<p>Marvel pyramids of Egypt and temples on Nile before Jordans treasures, spanning Roman ruins in Jerash through rose-hued wonder of Petra.<\/p>","protected":false},"featured_media":6093,"comment_status":"open","ping_status":"closed","template":"","meta":{"_monsterinsights_skip_tracking":false,"_monsterinsights_sitenote_active":false,"_monsterinsights_sitenote_note":"","_monsterinsights_sitenote_category":0},"product_cat":[70,81,61],"product_tag":[],"class_list":{"0":"post-5830","1":"product","2":"type-product","3":"status-publish","4":"has-post-thumbnail","6":"product_cat-best-egypt-travel-deals-offers-10-days-9-nights","7":"product_cat-egypt-jordan","8":"product_cat-egypt-tours-travel-packages-trip-deals","10":"first","11":"instock","12":"shipping-taxable","13":"purchasable","14":"product-type-ovabrw_car_rental"},"acf":[],"_links":{"self":[{"href":"https:\/\/traveljoyegypt.com\/cs\/wp-json\/wp\/v2\/product\/5830","targetHints":{"allow":["GET"]}}],"collection":[{"href":"https:\/\/traveljoyegypt.com\/cs\/wp-json\/wp\/v2\/product"}],"about":[{"href":"https:\/\/traveljoyegypt.com\/cs\/wp-json\/wp\/v2\/types\/product"}],"replies":[{"embeddable":true,"href":"https:\/\/traveljoyegypt.com\/cs\/wp-json\/wp\/v2\/comments?post=5830"}],"wp:featuredmedia":[{"embeddable":true,"href":"https:\/\/traveljoyegypt.com\/cs\/wp-json\/wp\/v2\/media\/6093"}],"wp:attachment":[{"href":"https:\/\/traveljoyegypt.com\/cs\/wp-json\/wp\/v2\/media?parent=5830"}],"wp:term":[{"taxonomy":"product_cat","embeddable":true,"href":"https:\/\/traveljoyegypt.com\/cs\/wp-json\/wp\/v2\/product_cat?post=5830"},{"taxonomy":"product_tag","embeddable":true,"href":"https:\/\/traveljoyegypt.com\/cs\/wp-json\/wp\/v2\/product_tag?post=5830"}],"curies":[{"name":"wp","href":"https:\/\/api.w.org\/{rel}","templated":true}]}}