{"id":5835,"date":"2024-04-19T10:04:03","date_gmt":"2024-04-19T10:04:03","guid":{"rendered":"https:\/\/traveljoyegypt.com\/?post_type=product&#038;p=5835"},"modified":"2024-11-14T11:59:16","modified_gmt":"2024-11-14T11:59:16","slug":"7-days-egypt-jordan-short-tour-package","status":"publish","type":"product","link":"https:\/\/traveljoyegypt.com\/cs\/tours\/7-days-egypt-jordan-short-tour-package\/","title":{"rendered":"7denn\u00ed bal\u00ed\u010dek Egypt a Jord\u00e1nsko"},"content":{"rendered":"","protected":false},"excerpt":{"rendered":"<p>Discover ancient wonders and explore legendary sites on this fascinating 7-day tour of Egypt and Jordan, journeying from the pyramids and mosques of Cairo to the rose-hued city of Petra.<\/p>","protected":false},"featured_media":6032,"comment_status":"open","ping_status":"closed","template":"","meta":{"_monsterinsights_skip_tracking":false,"_monsterinsights_sitenote_active":false,"_monsterinsights_sitenote_note":"","_monsterinsights_sitenote_category":0},"product_cat":[67,81,61],"product_tag":[],"class_list":{"0":"post-5835","1":"product","2":"type-product","3":"status-publish","4":"has-post-thumbnail","6":"product_cat-tour-egypt-packages-for-7-days-6-nights","7":"product_cat-egypt-jordan","8":"product_cat-egypt-tours-travel-packages-trip-deals","10":"first","11":"instock","12":"shipping-taxable","13":"purchasable","14":"product-type-ovabrw_car_rental"},"acf":[],"_links":{"self":[{"href":"https:\/\/traveljoyegypt.com\/cs\/wp-json\/wp\/v2\/product\/5835","targetHints":{"allow":["GET"]}}],"collection":[{"href":"https:\/\/traveljoyegypt.com\/cs\/wp-json\/wp\/v2\/product"}],"about":[{"href":"https:\/\/traveljoyegypt.com\/cs\/wp-json\/wp\/v2\/types\/product"}],"replies":[{"embeddable":true,"href":"https:\/\/traveljoyegypt.com\/cs\/wp-json\/wp\/v2\/comments?post=5835"}],"wp:featuredmedia":[{"embeddable":true,"href":"https:\/\/traveljoyegypt.com\/cs\/wp-json\/wp\/v2\/media\/6032"}],"wp:attachment":[{"href":"https:\/\/traveljoyegypt.com\/cs\/wp-json\/wp\/v2\/media?parent=5835"}],"wp:term":[{"taxonomy":"product_cat","embeddable":true,"href":"https:\/\/traveljoyegypt.com\/cs\/wp-json\/wp\/v2\/product_cat?post=5835"},{"taxonomy":"product_tag","embeddable":true,"href":"https:\/\/traveljoyegypt.com\/cs\/wp-json\/wp\/v2\/product_tag?post=5835"}],"curies":[{"name":"wp","href":"https:\/\/api.w.org\/{rel}","templated":true}]}}