{"id":5837,"date":"2024-04-20T22:58:48","date_gmt":"2024-04-20T22:58:48","guid":{"rendered":"https:\/\/traveljoyegypt.com\/?post_type=product&#038;p=5837"},"modified":"2024-11-14T12:01:57","modified_gmt":"2024-11-14T12:01:57","slug":"15-days-egypt-jordan-tour-cairo-nile-cruise-dahab","status":"publish","type":"product","link":"https:\/\/traveljoyegypt.com\/cs\/tours\/15-days-egypt-jordan-tour-cairo-nile-cruise-dahab\/","title":{"rendered":"15denn\u00ed z\u00e1jezdy do Egypta a Jord\u00e1nska, K\u00e1hira, plavba po Nilu, Dahab"},"content":{"rendered":"","protected":false},"excerpt":{"rendered":"<p>Discover Egypt and Jordan through this 15 day tour visiting iconic attractions like the pyramids, cruise the Nile river, immerse in Petra.<\/p>","protected":false},"featured_media":5941,"comment_status":"open","ping_status":"closed","template":"","meta":{"_monsterinsights_skip_tracking":false,"_monsterinsights_sitenote_active":false,"_monsterinsights_sitenote_note":"","_monsterinsights_sitenote_category":0},"product_cat":[81,76,61],"product_tag":[],"class_list":{"0":"post-5837","1":"product","2":"type-product","3":"status-publish","4":"has-post-thumbnail","6":"product_cat-egypt-jordan","7":"product_cat-more-than-12-days","8":"product_cat-egypt-tours-travel-packages-trip-deals","10":"first","11":"instock","12":"shipping-taxable","13":"purchasable","14":"product-type-ovabrw_car_rental"},"acf":[],"_links":{"self":[{"href":"https:\/\/traveljoyegypt.com\/cs\/wp-json\/wp\/v2\/product\/5837","targetHints":{"allow":["GET"]}}],"collection":[{"href":"https:\/\/traveljoyegypt.com\/cs\/wp-json\/wp\/v2\/product"}],"about":[{"href":"https:\/\/traveljoyegypt.com\/cs\/wp-json\/wp\/v2\/types\/product"}],"replies":[{"embeddable":true,"href":"https:\/\/traveljoyegypt.com\/cs\/wp-json\/wp\/v2\/comments?post=5837"}],"wp:featuredmedia":[{"embeddable":true,"href":"https:\/\/traveljoyegypt.com\/cs\/wp-json\/wp\/v2\/media\/5941"}],"wp:attachment":[{"href":"https:\/\/traveljoyegypt.com\/cs\/wp-json\/wp\/v2\/media?parent=5837"}],"wp:term":[{"taxonomy":"product_cat","embeddable":true,"href":"https:\/\/traveljoyegypt.com\/cs\/wp-json\/wp\/v2\/product_cat?post=5837"},{"taxonomy":"product_tag","embeddable":true,"href":"https:\/\/traveljoyegypt.com\/cs\/wp-json\/wp\/v2\/product_tag?post=5837"}],"curies":[{"name":"wp","href":"https:\/\/api.w.org\/{rel}","templated":true}]}}