{"id":6769,"date":"2024-05-25T04:43:18","date_gmt":"2024-05-25T04:43:18","guid":{"rendered":"https:\/\/traveljoyegypt.com\/?post_type=product&#038;p=6769"},"modified":"2024-07-25T10:20:26","modified_gmt":"2024-07-25T10:20:26","slug":"day-tour-to-pyramids-sakkara-from-port-said","status":"publish","type":"product","link":"https:\/\/traveljoyegypt.com\/cs\/tours\/day-tour-to-pyramids-sakkara-from-port-said\/","title":{"rendered":"Celodenn\u00ed v\u00fdlet do pyramid v G\u00edze a Sakk\u00e1ry z Port Saidu"},"content":{"rendered":"","protected":false},"excerpt":{"rendered":"<p>From Port Said, Visit the archeological sites holding the Pyramids of Giza and the Step Pyramid of King Zoser, Egypt&#8217;s oldest monument.<\/p>","protected":false},"featured_media":6223,"comment_status":"open","ping_status":"closed","template":"","meta":{"_monsterinsights_skip_tracking":false,"_monsterinsights_sitenote_active":false,"_monsterinsights_sitenote_note":"","_monsterinsights_sitenote_category":0},"product_cat":[87,88],"product_tag":[],"class_list":{"0":"post-6769","1":"product","2":"type-product","3":"status-publish","4":"has-post-thumbnail","6":"product_cat-egypt-shore-excursions","7":"product_cat-port-said-shore-excursions","9":"first","10":"instock","11":"shipping-taxable","12":"purchasable","13":"product-type-ovabrw_car_rental"},"acf":[],"_links":{"self":[{"href":"https:\/\/traveljoyegypt.com\/cs\/wp-json\/wp\/v2\/product\/6769","targetHints":{"allow":["GET"]}}],"collection":[{"href":"https:\/\/traveljoyegypt.com\/cs\/wp-json\/wp\/v2\/product"}],"about":[{"href":"https:\/\/traveljoyegypt.com\/cs\/wp-json\/wp\/v2\/types\/product"}],"replies":[{"embeddable":true,"href":"https:\/\/traveljoyegypt.com\/cs\/wp-json\/wp\/v2\/comments?post=6769"}],"wp:featuredmedia":[{"embeddable":true,"href":"https:\/\/traveljoyegypt.com\/cs\/wp-json\/wp\/v2\/media\/6223"}],"wp:attachment":[{"href":"https:\/\/traveljoyegypt.com\/cs\/wp-json\/wp\/v2\/media?parent=6769"}],"wp:term":[{"taxonomy":"product_cat","embeddable":true,"href":"https:\/\/traveljoyegypt.com\/cs\/wp-json\/wp\/v2\/product_cat?post=6769"},{"taxonomy":"product_tag","embeddable":true,"href":"https:\/\/traveljoyegypt.com\/cs\/wp-json\/wp\/v2\/product_tag?post=6769"}],"curies":[{"name":"wp","href":"https:\/\/api.w.org\/{rel}","templated":true}]}}