{"id":6771,"date":"2024-05-25T15:50:28","date_gmt":"2024-05-25T15:50:28","guid":{"rendered":"https:\/\/traveljoyegypt.com\/?post_type=product&#038;p=6771"},"modified":"2024-11-14T12:04:46","modified_gmt":"2024-11-14T12:04:46","slug":"cairo-alexandria-2-days-tour-from-port-said","status":"publish","type":"product","link":"https:\/\/traveljoyegypt.com\/cs\/tours\/cairo-alexandria-2-days-tour-from-port-said\/","title":{"rendered":"K\u00e1hira - Alexandrie 2 dny z Port Saidu"},"content":{"rendered":"","protected":false},"excerpt":{"rendered":"<p>Prozkoumejte pyramidy, Sfingu a muzea v K\u00e1hi\u0159e, pot\u00e9 starov\u011bk\u00e9 pam\u00e1tky v Alexandrii.<\/p>","protected":false},"featured_media":6061,"comment_status":"open","ping_status":"closed","template":"","meta":{"_monsterinsights_skip_tracking":false,"_monsterinsights_sitenote_active":false,"_monsterinsights_sitenote_note":"","_monsterinsights_sitenote_category":0},"product_cat":[87,88],"product_tag":[],"class_list":{"0":"post-6771","1":"product","2":"type-product","3":"status-publish","4":"has-post-thumbnail","6":"product_cat-egypt-shore-excursions","7":"product_cat-port-said-shore-excursions","9":"first","10":"instock","11":"shipping-taxable","12":"purchasable","13":"product-type-ovabrw_car_rental"},"acf":[],"_links":{"self":[{"href":"https:\/\/traveljoyegypt.com\/cs\/wp-json\/wp\/v2\/product\/6771","targetHints":{"allow":["GET"]}}],"collection":[{"href":"https:\/\/traveljoyegypt.com\/cs\/wp-json\/wp\/v2\/product"}],"about":[{"href":"https:\/\/traveljoyegypt.com\/cs\/wp-json\/wp\/v2\/types\/product"}],"replies":[{"embeddable":true,"href":"https:\/\/traveljoyegypt.com\/cs\/wp-json\/wp\/v2\/comments?post=6771"}],"wp:featuredmedia":[{"embeddable":true,"href":"https:\/\/traveljoyegypt.com\/cs\/wp-json\/wp\/v2\/media\/6061"}],"wp:attachment":[{"href":"https:\/\/traveljoyegypt.com\/cs\/wp-json\/wp\/v2\/media?parent=6771"}],"wp:term":[{"taxonomy":"product_cat","embeddable":true,"href":"https:\/\/traveljoyegypt.com\/cs\/wp-json\/wp\/v2\/product_cat?post=6771"},{"taxonomy":"product_tag","embeddable":true,"href":"https:\/\/traveljoyegypt.com\/cs\/wp-json\/wp\/v2\/product_tag?post=6771"}],"curies":[{"name":"wp","href":"https:\/\/api.w.org\/{rel}","templated":true}]}}