{"id":6774,"date":"2024-05-25T16:40:41","date_gmt":"2024-05-25T16:40:41","guid":{"rendered":"https:\/\/traveljoyegypt.com\/?post_type=product&#038;p=6774"},"modified":"2024-07-25T11:56:18","modified_gmt":"2024-07-25T11:56:18","slug":"sakkara-pyramids-desert-safari-trip-from-sokhna-port","status":"publish","type":"product","link":"https:\/\/traveljoyegypt.com\/cs\/tours\/sakkara-pyramids-desert-safari-trip-from-sokhna-port\/","title":{"rendered":"Safari v\u00fdlet k pyramid\u00e1m v pou\u0161ti Sakk\u00e1ra z p\u0159\u00edstavu Sokhna"},"content":{"rendered":"","protected":false},"excerpt":{"rendered":"<p>Discover pyramids by jeep, camel ride past Saqqara&#8217;s Step Pyramid, and a desert lunch.<\/p>","protected":false},"featured_media":6193,"comment_status":"open","ping_status":"closed","template":"","meta":{"_monsterinsights_skip_tracking":false,"_monsterinsights_sitenote_active":false,"_monsterinsights_sitenote_note":"","_monsterinsights_sitenote_category":0},"product_cat":[87,89],"product_tag":[],"class_list":{"0":"post-6774","1":"product","2":"type-product","3":"status-publish","4":"has-post-thumbnail","6":"product_cat-egypt-shore-excursions","7":"product_cat-sokhna-port-shore-excursion","9":"first","10":"instock","11":"shipping-taxable","12":"purchasable","13":"product-type-ovabrw_car_rental"},"acf":[],"_links":{"self":[{"href":"https:\/\/traveljoyegypt.com\/cs\/wp-json\/wp\/v2\/product\/6774","targetHints":{"allow":["GET"]}}],"collection":[{"href":"https:\/\/traveljoyegypt.com\/cs\/wp-json\/wp\/v2\/product"}],"about":[{"href":"https:\/\/traveljoyegypt.com\/cs\/wp-json\/wp\/v2\/types\/product"}],"replies":[{"embeddable":true,"href":"https:\/\/traveljoyegypt.com\/cs\/wp-json\/wp\/v2\/comments?post=6774"}],"wp:featuredmedia":[{"embeddable":true,"href":"https:\/\/traveljoyegypt.com\/cs\/wp-json\/wp\/v2\/media\/6193"}],"wp:attachment":[{"href":"https:\/\/traveljoyegypt.com\/cs\/wp-json\/wp\/v2\/media?parent=6774"}],"wp:term":[{"taxonomy":"product_cat","embeddable":true,"href":"https:\/\/traveljoyegypt.com\/cs\/wp-json\/wp\/v2\/product_cat?post=6774"},{"taxonomy":"product_tag","embeddable":true,"href":"https:\/\/traveljoyegypt.com\/cs\/wp-json\/wp\/v2\/product_tag?post=6774"}],"curies":[{"name":"wp","href":"https:\/\/api.w.org\/{rel}","templated":true}]}}