{"id":6782,"date":"2024-05-25T17:33:47","date_gmt":"2024-05-25T17:33:47","guid":{"rendered":"https:\/\/traveljoyegypt.com\/?post_type=product&#038;p=6782"},"modified":"2024-07-25T12:01:04","modified_gmt":"2024-07-25T12:01:04","slug":"luxor-day-tour-from-safaga-port","status":"publish","type":"product","link":"https:\/\/traveljoyegypt.com\/cs\/tours\/luxor-day-tour-from-safaga-port\/","title":{"rendered":"Celodenn\u00ed v\u00fdlet do Luxoru z p\u0159\u00edstavu Safaga"},"content":{"rendered":"","protected":false},"excerpt":{"rendered":"<p>Discover the tombs of the Valley of the Kings, the hypostyle hall at Karnak Temple and Hatshepsut&#8217;s cliffside Temple.<\/p>","protected":false},"featured_media":6106,"comment_status":"open","ping_status":"closed","template":"","meta":{"_monsterinsights_skip_tracking":false,"_monsterinsights_sitenote_active":false,"_monsterinsights_sitenote_note":"","_monsterinsights_sitenote_category":0},"product_cat":[87,90],"product_tag":[],"class_list":{"0":"post-6782","1":"product","2":"type-product","3":"status-publish","4":"has-post-thumbnail","6":"product_cat-egypt-shore-excursions","7":"product_cat-safaga-port-shore-excursions","9":"first","10":"instock","11":"shipping-taxable","12":"purchasable","13":"product-type-ovabrw_car_rental"},"acf":[],"_links":{"self":[{"href":"https:\/\/traveljoyegypt.com\/cs\/wp-json\/wp\/v2\/product\/6782","targetHints":{"allow":["GET"]}}],"collection":[{"href":"https:\/\/traveljoyegypt.com\/cs\/wp-json\/wp\/v2\/product"}],"about":[{"href":"https:\/\/traveljoyegypt.com\/cs\/wp-json\/wp\/v2\/types\/product"}],"replies":[{"embeddable":true,"href":"https:\/\/traveljoyegypt.com\/cs\/wp-json\/wp\/v2\/comments?post=6782"}],"wp:featuredmedia":[{"embeddable":true,"href":"https:\/\/traveljoyegypt.com\/cs\/wp-json\/wp\/v2\/media\/6106"}],"wp:attachment":[{"href":"https:\/\/traveljoyegypt.com\/cs\/wp-json\/wp\/v2\/media?parent=6782"}],"wp:term":[{"taxonomy":"product_cat","embeddable":true,"href":"https:\/\/traveljoyegypt.com\/cs\/wp-json\/wp\/v2\/product_cat?post=6782"},{"taxonomy":"product_tag","embeddable":true,"href":"https:\/\/traveljoyegypt.com\/cs\/wp-json\/wp\/v2\/product_tag?post=6782"}],"curies":[{"name":"wp","href":"https:\/\/api.w.org\/{rel}","templated":true}]}}