{"id":6793,"date":"2024-05-26T19:09:52","date_gmt":"2024-05-26T19:09:52","guid":{"rendered":"https:\/\/traveljoyegypt.com\/?post_type=product&#038;p=6793"},"modified":"2024-07-25T11:20:29","modified_gmt":"2024-07-25T11:20:29","slug":"cairo-alexandria-2-days-tour-from-alexandria-port","status":"publish","type":"product","link":"https:\/\/traveljoyegypt.com\/cs\/tours\/cairo-alexandria-2-days-tour-from-alexandria-port\/","title":{"rendered":"K\u00e1hira a Alexandrie 2 dny z p\u0159\u00edstavu Alexandrie"},"content":{"rendered":"","protected":false},"excerpt":{"rendered":"<p>Uncover secrets of Cairo and Alexandria over two unforgettable days, exploring monuments with an overnight stay.<\/p>","protected":false},"featured_media":6053,"comment_status":"open","ping_status":"closed","template":"","meta":{"_monsterinsights_skip_tracking":false,"_monsterinsights_sitenote_active":false,"_monsterinsights_sitenote_note":"","_monsterinsights_sitenote_category":0},"product_cat":[91,87],"product_tag":[],"class_list":{"0":"post-6793","1":"product","2":"type-product","3":"status-publish","4":"has-post-thumbnail","6":"product_cat-alexandria-port-shore-excursions","7":"product_cat-egypt-shore-excursions","9":"first","10":"instock","11":"shipping-taxable","12":"purchasable","13":"product-type-ovabrw_car_rental"},"acf":[],"_links":{"self":[{"href":"https:\/\/traveljoyegypt.com\/cs\/wp-json\/wp\/v2\/product\/6793","targetHints":{"allow":["GET"]}}],"collection":[{"href":"https:\/\/traveljoyegypt.com\/cs\/wp-json\/wp\/v2\/product"}],"about":[{"href":"https:\/\/traveljoyegypt.com\/cs\/wp-json\/wp\/v2\/types\/product"}],"replies":[{"embeddable":true,"href":"https:\/\/traveljoyegypt.com\/cs\/wp-json\/wp\/v2\/comments?post=6793"}],"wp:featuredmedia":[{"embeddable":true,"href":"https:\/\/traveljoyegypt.com\/cs\/wp-json\/wp\/v2\/media\/6053"}],"wp:attachment":[{"href":"https:\/\/traveljoyegypt.com\/cs\/wp-json\/wp\/v2\/media?parent=6793"}],"wp:term":[{"taxonomy":"product_cat","embeddable":true,"href":"https:\/\/traveljoyegypt.com\/cs\/wp-json\/wp\/v2\/product_cat?post=6793"},{"taxonomy":"product_tag","embeddable":true,"href":"https:\/\/traveljoyegypt.com\/cs\/wp-json\/wp\/v2\/product_tag?post=6793"}],"curies":[{"name":"wp","href":"https:\/\/api.w.org\/{rel}","templated":true}]}}