{"id":6795,"date":"2024-05-26T19:32:25","date_gmt":"2024-05-26T19:32:25","guid":{"rendered":"https:\/\/traveljoyegypt.com\/?post_type=product&#038;p=6795"},"modified":"2024-07-25T11:29:46","modified_gmt":"2024-07-25T11:29:46","slug":"day-trip-to-pyramids-and-nile-from-alexandria-port","status":"publish","type":"product","link":"https:\/\/traveljoyegypt.com\/cs\/tours\/day-trip-to-pyramids-and-nile-from-alexandria-port\/","title":{"rendered":"Celodenn\u00ed v\u00fdlet k pyramid\u00e1m a na Nil z p\u0159\u00edstavu Alexandrie"},"content":{"rendered":"","protected":false},"excerpt":{"rendered":"<p>Marvel at the Pyramids and Sphinx, indulge over Nile lunch cruise before returning to your ship later in Alexandira Port.<\/p>","protected":false},"featured_media":6110,"comment_status":"open","ping_status":"closed","template":"","meta":{"_monsterinsights_skip_tracking":false,"_monsterinsights_sitenote_active":false,"_monsterinsights_sitenote_note":"","_monsterinsights_sitenote_category":0},"product_cat":[91,87],"product_tag":[],"class_list":{"0":"post-6795","1":"product","2":"type-product","3":"status-publish","4":"has-post-thumbnail","6":"product_cat-alexandria-port-shore-excursions","7":"product_cat-egypt-shore-excursions","9":"first","10":"instock","11":"shipping-taxable","12":"purchasable","13":"product-type-ovabrw_car_rental"},"acf":[],"_links":{"self":[{"href":"https:\/\/traveljoyegypt.com\/cs\/wp-json\/wp\/v2\/product\/6795","targetHints":{"allow":["GET"]}}],"collection":[{"href":"https:\/\/traveljoyegypt.com\/cs\/wp-json\/wp\/v2\/product"}],"about":[{"href":"https:\/\/traveljoyegypt.com\/cs\/wp-json\/wp\/v2\/types\/product"}],"replies":[{"embeddable":true,"href":"https:\/\/traveljoyegypt.com\/cs\/wp-json\/wp\/v2\/comments?post=6795"}],"wp:featuredmedia":[{"embeddable":true,"href":"https:\/\/traveljoyegypt.com\/cs\/wp-json\/wp\/v2\/media\/6110"}],"wp:attachment":[{"href":"https:\/\/traveljoyegypt.com\/cs\/wp-json\/wp\/v2\/media?parent=6795"}],"wp:term":[{"taxonomy":"product_cat","embeddable":true,"href":"https:\/\/traveljoyegypt.com\/cs\/wp-json\/wp\/v2\/product_cat?post=6795"},{"taxonomy":"product_tag","embeddable":true,"href":"https:\/\/traveljoyegypt.com\/cs\/wp-json\/wp\/v2\/product_tag?post=6795"}],"curies":[{"name":"wp","href":"https:\/\/api.w.org\/{rel}","templated":true}]}}