{"id":8588,"date":"2025-02-08T19:26:11","date_gmt":"2025-02-08T19:26:11","guid":{"rendered":"https:\/\/traveljoyegypt.com\/?post_type=product&#038;p=8588"},"modified":"2025-08-24T23:28:14","modified_gmt":"2025-08-24T23:28:14","slug":"grand-egyptian-museum-tour","status":"publish","type":"product","link":"https:\/\/traveljoyegypt.com\/cs\/tours\/grand-egyptian-museum-tour\/","title":{"rendered":"Prohl\u00eddka Velk\u00e9ho egyptsk\u00e9ho muzea"},"content":{"rendered":"","protected":false},"excerpt":{"rendered":"<p>Explore the\u00a0<strong>Velk\u00e9 egyptsk\u00e9 muzeum<\/strong>, home to Tutankhamun\u2019s treasures, the Royal Mummies, and stunning ancient artifacts. Located near the Giza Pyramids, this world-class museum offers an unforgettable journey through Egypt\u2019s rich history. A must-visit for culture and history enthusiasts!<\/p>","protected":false},"featured_media":8591,"comment_status":"open","ping_status":"closed","template":"","meta":{"_monsterinsights_skip_tracking":false,"_monsterinsights_sitenote_active":false,"_monsterinsights_sitenote_note":"","_monsterinsights_sitenote_category":0},"product_cat":[73,53,52],"product_tag":[],"class_list":{"0":"post-8588","1":"product","2":"type-product","3":"status-publish","4":"has-post-thumbnail","6":"product_cat-top-rated-egypt-tours","7":"product_cat-cairo-and-giza-day-tour","8":"product_cat-egypt-day-tours","10":"first","11":"instock","12":"shipping-taxable","13":"purchasable","14":"product-type-ovabrw_car_rental"},"acf":[],"_links":{"self":[{"href":"https:\/\/traveljoyegypt.com\/cs\/wp-json\/wp\/v2\/product\/8588","targetHints":{"allow":["GET"]}}],"collection":[{"href":"https:\/\/traveljoyegypt.com\/cs\/wp-json\/wp\/v2\/product"}],"about":[{"href":"https:\/\/traveljoyegypt.com\/cs\/wp-json\/wp\/v2\/types\/product"}],"replies":[{"embeddable":true,"href":"https:\/\/traveljoyegypt.com\/cs\/wp-json\/wp\/v2\/comments?post=8588"}],"wp:featuredmedia":[{"embeddable":true,"href":"https:\/\/traveljoyegypt.com\/cs\/wp-json\/wp\/v2\/media\/8591"}],"wp:attachment":[{"href":"https:\/\/traveljoyegypt.com\/cs\/wp-json\/wp\/v2\/media?parent=8588"}],"wp:term":[{"taxonomy":"product_cat","embeddable":true,"href":"https:\/\/traveljoyegypt.com\/cs\/wp-json\/wp\/v2\/product_cat?post=8588"},{"taxonomy":"product_tag","embeddable":true,"href":"https:\/\/traveljoyegypt.com\/cs\/wp-json\/wp\/v2\/product_tag?post=8588"}],"curies":[{"name":"wp","href":"https:\/\/api.w.org\/{rel}","templated":true}]}}