{"id":4000,"date":"2023-05-08T13:48:49","date_gmt":"2023-05-08T06:48:49","guid":{"rendered":"https:\/\/demo.ovatheme.com\/vedhak\/?post_type=product&#038;p=4000"},"modified":"2025-08-19T22:59:29","modified_gmt":"2025-08-19T22:59:29","slug":"visit-luxor-landmarks-tour-from-cairo-to-luxor-by-flight","status":"publish","type":"product","link":"https:\/\/traveljoyegypt.com\/es\/tours\/visite-luxor-landmarks-tour-desde-el-cairo-a-luxor-en-vuelo\/","title":{"rendered":"Excursi\u00f3n de un d\u00eda a Luxor desde El Cairo en avi\u00f3n"},"content":{"rendered":"","protected":false},"excerpt":{"rendered":"<p>Experiencia de un d\u00eda en Luxor desde El Cairo. Acompa\u00f1ado por un egipt\u00f3logo, descubra antiguos secretos en lugares de renombre como el Valle de los Reyes y los Templos de Karnak, seguidos de una deliciosa comida, todo perfectamente conectado por vuelos y transporte.<\/p>","protected":false},"featured_media":6103,"comment_status":"open","ping_status":"closed","template":"","meta":{"_monsterinsights_skip_tracking":false,"_monsterinsights_sitenote_active":false,"_monsterinsights_sitenote_note":"","_monsterinsights_sitenote_category":0},"product_cat":[53,52,97,56],"product_tag":[],"class_list":{"0":"post-4000","1":"product","2":"type-product","3":"status-publish","4":"has-post-thumbnail","6":"brw_Place-luxor","7":"product_cat-cairo-and-giza-day-tour","8":"product_cat-egypt-day-tours","9":"product_cat-luxor","10":"product_cat-luxor-day-tours","12":"first","13":"instock","14":"shipping-taxable","15":"purchasable","16":"product-type-ovabrw_car_rental"},"acf":[],"_links":{"self":[{"href":"https:\/\/traveljoyegypt.com\/es\/wp-json\/wp\/v2\/product\/4000","targetHints":{"allow":["GET"]}}],"collection":[{"href":"https:\/\/traveljoyegypt.com\/es\/wp-json\/wp\/v2\/product"}],"about":[{"href":"https:\/\/traveljoyegypt.com\/es\/wp-json\/wp\/v2\/types\/product"}],"replies":[{"embeddable":true,"href":"https:\/\/traveljoyegypt.com\/es\/wp-json\/wp\/v2\/comments?post=4000"}],"wp:featuredmedia":[{"embeddable":true,"href":"https:\/\/traveljoyegypt.com\/es\/wp-json\/wp\/v2\/media\/6103"}],"wp:attachment":[{"href":"https:\/\/traveljoyegypt.com\/es\/wp-json\/wp\/v2\/media?parent=4000"}],"wp:term":[{"taxonomy":"product_cat","embeddable":true,"href":"https:\/\/traveljoyegypt.com\/es\/wp-json\/wp\/v2\/product_cat?post=4000"},{"taxonomy":"product_tag","embeddable":true,"href":"https:\/\/traveljoyegypt.com\/es\/wp-json\/wp\/v2\/product_tag?post=4000"}],"curies":[{"name":"wp","href":"https:\/\/api.w.org\/{rel}","templated":true}]}}