{"id":4606,"date":"2024-03-04T13:37:29","date_gmt":"2024-03-04T13:37:29","guid":{"rendered":"https:\/\/traveljoyegypt.com\/?post_type=product&#038;p=4606"},"modified":"2025-05-08T08:16:53","modified_gmt":"2025-05-08T08:16:53","slug":"alexandria-day-tour-from-cairo","status":"publish","type":"product","link":"https:\/\/traveljoyegypt.com\/es\/tours\/excursion-de-un-dia-a-alejandria-desde-el-cairo\/","title":{"rendered":"Excursi\u00f3n de un d\u00eda a Alejandr\u00eda desde El Cairo"},"content":{"rendered":"","protected":false},"excerpt":{"rendered":"<p>Viaje en el tiempo en esta excursi\u00f3n educativa de un d\u00eda para explorar los yacimientos arqueol\u00f3gicos de importancia hist\u00f3rica de Alejandr\u00eda, como las extensas catacumbas de Kom El Shoqafa, la impresionante Columna de Pompeyo y los vestigios de la famosa Biblioteca de Alejandr\u00eda, obteniendo fascinantes conocimientos junto a un gu\u00eda experto autorizado.<\/p>","protected":false},"featured_media":6203,"comment_status":"open","ping_status":"closed","template":"","meta":{"_monsterinsights_skip_tracking":false,"_monsterinsights_sitenote_active":false,"_monsterinsights_sitenote_note":"","_monsterinsights_sitenote_category":0},"product_cat":[99,53,52],"product_tag":[],"class_list":{"0":"post-4606","1":"product","2":"type-product","3":"status-publish","4":"has-post-thumbnail","6":"product_cat-alexandria","7":"product_cat-cairo-and-giza-day-tour","8":"product_cat-egypt-day-tours","10":"first","11":"instock","12":"shipping-taxable","13":"purchasable","14":"product-type-ovabrw_car_rental"},"acf":[],"_links":{"self":[{"href":"https:\/\/traveljoyegypt.com\/es\/wp-json\/wp\/v2\/product\/4606","targetHints":{"allow":["GET"]}}],"collection":[{"href":"https:\/\/traveljoyegypt.com\/es\/wp-json\/wp\/v2\/product"}],"about":[{"href":"https:\/\/traveljoyegypt.com\/es\/wp-json\/wp\/v2\/types\/product"}],"replies":[{"embeddable":true,"href":"https:\/\/traveljoyegypt.com\/es\/wp-json\/wp\/v2\/comments?post=4606"}],"wp:featuredmedia":[{"embeddable":true,"href":"https:\/\/traveljoyegypt.com\/es\/wp-json\/wp\/v2\/media\/6203"}],"wp:attachment":[{"href":"https:\/\/traveljoyegypt.com\/es\/wp-json\/wp\/v2\/media?parent=4606"}],"wp:term":[{"taxonomy":"product_cat","embeddable":true,"href":"https:\/\/traveljoyegypt.com\/es\/wp-json\/wp\/v2\/product_cat?post=4606"},{"taxonomy":"product_tag","embeddable":true,"href":"https:\/\/traveljoyegypt.com\/es\/wp-json\/wp\/v2\/product_tag?post=4606"}],"curies":[{"name":"wp","href":"https:\/\/api.w.org\/{rel}","templated":true}]}}