{"id":4667,"date":"2024-03-06T13:52:44","date_gmt":"2024-03-06T13:52:44","guid":{"rendered":"https:\/\/traveljoyegypt.com\/?post_type=product&#038;p=4667"},"modified":"2025-08-24T21:57:04","modified_gmt":"2025-08-24T21:57:04","slug":"nubian-village-tour-in-aswan-by-boat","status":"publish","type":"product","link":"https:\/\/traveljoyegypt.com\/es\/tours\/excursion-a-las-aldeas-nubias-de-aswan-en-barco\/","title":{"rendered":"Excursi\u00f3n de un d\u00eda al poblado nubio Egipto"},"content":{"rendered":"","protected":false},"excerpt":{"rendered":"<p>Abrace la cultura nubia a trav\u00e9s de pintorescos paseos en barco por el Nilo antes de conocer las tradiciones de vida modesta de las acogedoras familias, interactuando en su pintoresco pueblo ribere\u00f1o rodeado de la belleza de la naturaleza y cerca de los lugares emblem\u00e1ticos de Asu\u00e1n.<\/p>","protected":false},"featured_media":4668,"comment_status":"open","ping_status":"closed","template":"","meta":{"_monsterinsights_skip_tracking":false,"_monsterinsights_sitenote_active":false,"_monsterinsights_sitenote_note":"","_monsterinsights_sitenote_category":0},"product_cat":[98,55,73,52],"product_tag":[],"class_list":{"0":"post-4667","1":"product","2":"type-product","3":"status-publish","4":"has-post-thumbnail","6":"product_cat-aswan","7":"product_cat-aswan-nubia-day-tours","8":"product_cat-top-rated-egypt-tours","9":"product_cat-egypt-day-tours","11":"first","12":"instock","13":"shipping-taxable","14":"purchasable","15":"product-type-ovabrw_car_rental"},"acf":[],"_links":{"self":[{"href":"https:\/\/traveljoyegypt.com\/es\/wp-json\/wp\/v2\/product\/4667","targetHints":{"allow":["GET"]}}],"collection":[{"href":"https:\/\/traveljoyegypt.com\/es\/wp-json\/wp\/v2\/product"}],"about":[{"href":"https:\/\/traveljoyegypt.com\/es\/wp-json\/wp\/v2\/types\/product"}],"replies":[{"embeddable":true,"href":"https:\/\/traveljoyegypt.com\/es\/wp-json\/wp\/v2\/comments?post=4667"}],"wp:featuredmedia":[{"embeddable":true,"href":"https:\/\/traveljoyegypt.com\/es\/wp-json\/wp\/v2\/media\/4668"}],"wp:attachment":[{"href":"https:\/\/traveljoyegypt.com\/es\/wp-json\/wp\/v2\/media?parent=4667"}],"wp:term":[{"taxonomy":"product_cat","embeddable":true,"href":"https:\/\/traveljoyegypt.com\/es\/wp-json\/wp\/v2\/product_cat?post=4667"},{"taxonomy":"product_tag","embeddable":true,"href":"https:\/\/traveljoyegypt.com\/es\/wp-json\/wp\/v2\/product_tag?post=4667"}],"curies":[{"name":"wp","href":"https:\/\/api.w.org\/{rel}","templated":true}]}}