{"id":4669,"date":"2024-03-06T13:57:10","date_gmt":"2024-03-06T13:57:10","guid":{"rendered":"https:\/\/traveljoyegypt.com\/?post_type=product&#038;p=4669"},"modified":"2025-05-08T08:26:26","modified_gmt":"2025-05-08T08:26:26","slug":"abu-simbel-temple-tour-from-aswan-by-bus","status":"publish","type":"product","link":"https:\/\/traveljoyegypt.com\/es\/tours\/abu-simbel-temple-tour-desde-aswan-en-bus\/","title":{"rendered":"Excursi\u00f3n de un d\u00eda a Abu Simbel desde Asu\u00e1n"},"content":{"rendered":"","protected":false},"excerpt":{"rendered":"<p>Conozca el patrimonio de Abu Simbel en esta extraordinaria excursi\u00f3n de un d\u00eda al amanecer desde Asu\u00e1n. La excursi\u00f3n sale a las 3 de la madrugada para llegar al momento en que la luz del sol ilumina los grandiosos templos de Rams\u00e9s II y la Reina Nefertari, con un gu\u00eda experto que le proporcionar\u00e1 un valioso contexto hist\u00f3rico.<\/p>","protected":false},"featured_media":4671,"comment_status":"open","ping_status":"closed","template":"","meta":{"_monsterinsights_skip_tracking":false,"_monsterinsights_sitenote_active":false,"_monsterinsights_sitenote_note":"","_monsterinsights_sitenote_category":0},"product_cat":[98,55,52],"product_tag":[],"class_list":{"0":"post-4669","1":"product","2":"type-product","3":"status-publish","4":"has-post-thumbnail","6":"product_cat-aswan","7":"product_cat-aswan-nubia-day-tours","8":"product_cat-egypt-day-tours","10":"first","11":"instock","12":"shipping-taxable","13":"purchasable","14":"product-type-ovabrw_car_rental"},"acf":[],"_links":{"self":[{"href":"https:\/\/traveljoyegypt.com\/es\/wp-json\/wp\/v2\/product\/4669","targetHints":{"allow":["GET"]}}],"collection":[{"href":"https:\/\/traveljoyegypt.com\/es\/wp-json\/wp\/v2\/product"}],"about":[{"href":"https:\/\/traveljoyegypt.com\/es\/wp-json\/wp\/v2\/types\/product"}],"replies":[{"embeddable":true,"href":"https:\/\/traveljoyegypt.com\/es\/wp-json\/wp\/v2\/comments?post=4669"}],"wp:featuredmedia":[{"embeddable":true,"href":"https:\/\/traveljoyegypt.com\/es\/wp-json\/wp\/v2\/media\/4671"}],"wp:attachment":[{"href":"https:\/\/traveljoyegypt.com\/es\/wp-json\/wp\/v2\/media?parent=4669"}],"wp:term":[{"taxonomy":"product_cat","embeddable":true,"href":"https:\/\/traveljoyegypt.com\/es\/wp-json\/wp\/v2\/product_cat?post=4669"},{"taxonomy":"product_tag","embeddable":true,"href":"https:\/\/traveljoyegypt.com\/es\/wp-json\/wp\/v2\/product_tag?post=4669"}],"curies":[{"name":"wp","href":"https:\/\/api.w.org\/{rel}","templated":true}]}}