{"id":4679,"date":"2024-03-06T14:16:59","date_gmt":"2024-03-06T14:16:59","guid":{"rendered":"https:\/\/traveljoyegypt.com\/?post_type=product&#038;p=4679"},"modified":"2025-05-08T08:24:55","modified_gmt":"2025-05-08T08:24:55","slug":"dendera-temple-abydos-tour-temple-of-seti-from-luxor","status":"publish","type":"product","link":"https:\/\/traveljoyegypt.com\/es\/tours\/dendera-temple-abydos-tour-temple-of-seti-de-luxor\/","title":{"rendered":"Excursi\u00f3n a Dendera y Abidos desde Luxor"},"content":{"rendered":"","protected":false},"excerpt":{"rendered":"<p>Descubra los templos de Hathor en Dendera y Seti I en Abydos en esta esclarecedora expedici\u00f3n privada. Un gu\u00eda experto le acompa\u00f1ar\u00e1 a trav\u00e9s de estas ruinas sagradas, famosas por sus incre\u00edbles obras de arte y tallas, y le har\u00e1 revivir los misterios del antiguo Egipto.<\/p>","protected":false},"featured_media":6231,"comment_status":"open","ping_status":"closed","template":"","meta":{"_monsterinsights_skip_tracking":false,"_monsterinsights_sitenote_active":false,"_monsterinsights_sitenote_note":"","_monsterinsights_sitenote_category":0},"product_cat":[52,97,56],"product_tag":[],"class_list":{"0":"post-4679","1":"product","2":"type-product","3":"status-publish","4":"has-post-thumbnail","6":"product_cat-egypt-day-tours","7":"product_cat-luxor","8":"product_cat-luxor-day-tours","10":"first","11":"instock","12":"shipping-taxable","13":"purchasable","14":"product-type-ovabrw_car_rental"},"acf":[],"_links":{"self":[{"href":"https:\/\/traveljoyegypt.com\/es\/wp-json\/wp\/v2\/product\/4679","targetHints":{"allow":["GET"]}}],"collection":[{"href":"https:\/\/traveljoyegypt.com\/es\/wp-json\/wp\/v2\/product"}],"about":[{"href":"https:\/\/traveljoyegypt.com\/es\/wp-json\/wp\/v2\/types\/product"}],"replies":[{"embeddable":true,"href":"https:\/\/traveljoyegypt.com\/es\/wp-json\/wp\/v2\/comments?post=4679"}],"wp:featuredmedia":[{"embeddable":true,"href":"https:\/\/traveljoyegypt.com\/es\/wp-json\/wp\/v2\/media\/6231"}],"wp:attachment":[{"href":"https:\/\/traveljoyegypt.com\/es\/wp-json\/wp\/v2\/media?parent=4679"}],"wp:term":[{"taxonomy":"product_cat","embeddable":true,"href":"https:\/\/traveljoyegypt.com\/es\/wp-json\/wp\/v2\/product_cat?post=4679"},{"taxonomy":"product_tag","embeddable":true,"href":"https:\/\/traveljoyegypt.com\/es\/wp-json\/wp\/v2\/product_tag?post=4679"}],"curies":[{"name":"wp","href":"https:\/\/api.w.org\/{rel}","templated":true}]}}