{"id":4734,"date":"2024-03-12T14:10:25","date_gmt":"2024-03-12T14:10:25","guid":{"rendered":"https:\/\/traveljoyegypt.com\/?post_type=product&#038;p=4734"},"modified":"2025-05-08T09:03:26","modified_gmt":"2025-05-08T09:03:26","slug":"budget-5-days-4-nights-tour-to-cairo-city-egyptian-coptic-museum-church-luxor-karnak-kings-valley-giza-pyramids","status":"publish","type":"product","link":"https:\/\/traveljoyegypt.com\/es\/tours\/budget-5-days-4-nights-tour-to-cairo-city-egyptian-coptic-museum-church-luxor-karnak-kings-valley-giza-pyramids\/","title":{"rendered":"Paquete tur\u00edstico econ\u00f3mico de 5 d\u00edas por Egipto"},"content":{"rendered":"","protected":false},"excerpt":{"rendered":"<p>Discover ancient Egypt&#8217;s heritage &#8211; This comprehensive tour visits iconic pyramids, temples and tombs across Cairo and Luxor through local guidance over five days.<\/p>","protected":false},"featured_media":6075,"comment_status":"open","ping_status":"closed","template":"","meta":{"_monsterinsights_skip_tracking":false,"_monsterinsights_sitenote_active":false,"_monsterinsights_sitenote_note":"","_monsterinsights_sitenote_category":0},"product_cat":[65,97,61],"product_tag":[],"class_list":{"0":"post-4734","1":"product","2":"type-product","3":"status-publish","4":"has-post-thumbnail","6":"product_cat-cheap-egypt-vacation-offers-5-days-4-nights","7":"product_cat-luxor","8":"product_cat-egypt-tours-travel-packages-trip-deals","10":"first","11":"instock","12":"shipping-taxable","13":"purchasable","14":"product-type-ovabrw_car_rental"},"acf":[],"_links":{"self":[{"href":"https:\/\/traveljoyegypt.com\/es\/wp-json\/wp\/v2\/product\/4734","targetHints":{"allow":["GET"]}}],"collection":[{"href":"https:\/\/traveljoyegypt.com\/es\/wp-json\/wp\/v2\/product"}],"about":[{"href":"https:\/\/traveljoyegypt.com\/es\/wp-json\/wp\/v2\/types\/product"}],"replies":[{"embeddable":true,"href":"https:\/\/traveljoyegypt.com\/es\/wp-json\/wp\/v2\/comments?post=4734"}],"wp:featuredmedia":[{"embeddable":true,"href":"https:\/\/traveljoyegypt.com\/es\/wp-json\/wp\/v2\/media\/6075"}],"wp:attachment":[{"href":"https:\/\/traveljoyegypt.com\/es\/wp-json\/wp\/v2\/media?parent=4734"}],"wp:term":[{"taxonomy":"product_cat","embeddable":true,"href":"https:\/\/traveljoyegypt.com\/es\/wp-json\/wp\/v2\/product_cat?post=4734"},{"taxonomy":"product_tag","embeddable":true,"href":"https:\/\/traveljoyegypt.com\/es\/wp-json\/wp\/v2\/product_tag?post=4734"}],"curies":[{"name":"wp","href":"https:\/\/api.w.org\/{rel}","templated":true}]}}