{"id":4739,"date":"2024-03-13T18:39:39","date_gmt":"2024-03-13T18:39:39","guid":{"rendered":"https:\/\/traveljoyegypt.com\/?post_type=product&#038;p=4739"},"modified":"2025-11-23T15:51:29","modified_gmt":"2025-11-23T15:51:29","slug":"explore-egypt-in-6-days-5-nights-giza-pyramids-tours-museum-luxor-kings-valley-karnak-temple-nile-cruise","status":"publish","type":"product","link":"https:\/\/traveljoyegypt.com\/es\/tours\/explore-egypt-in-6-days-5-nights-giza-pyramids-tours-museum-luxor-kings-valley-karnak-temple-nile-cruise\/","title":{"rendered":"Egipto 6 d\u00edas Excursiones asequibles"},"content":{"rendered":"","protected":false},"excerpt":{"rendered":"<p>Descubra los lugares m\u00e1s emblem\u00e1ticos de Egipto en 6 d\u00edas. Visite las Pir\u00e1mides, navegue por el Nilo, explore Cisjordania y descubra las tumbas del Valle de los Reyes. Hoteles de 3 estrellas, visitas y traslados incluidos.<\/p>","protected":false},"featured_media":6099,"comment_status":"open","ping_status":"closed","template":"","meta":{"_monsterinsights_skip_tracking":false,"_monsterinsights_sitenote_active":false,"_monsterinsights_sitenote_note":"","_monsterinsights_sitenote_category":0},"product_cat":[66,97,61],"product_tag":[],"class_list":{"0":"post-4739","1":"product","2":"type-product","3":"status-publish","4":"has-post-thumbnail","6":"product_cat-egypt-holidays-offers-6-days-5-nights","7":"product_cat-luxor","8":"product_cat-egypt-tours-travel-packages-trip-deals","10":"first","11":"instock","12":"shipping-taxable","13":"purchasable","14":"product-type-ovabrw_car_rental"},"acf":[],"_links":{"self":[{"href":"https:\/\/traveljoyegypt.com\/es\/wp-json\/wp\/v2\/product\/4739","targetHints":{"allow":["GET"]}}],"collection":[{"href":"https:\/\/traveljoyegypt.com\/es\/wp-json\/wp\/v2\/product"}],"about":[{"href":"https:\/\/traveljoyegypt.com\/es\/wp-json\/wp\/v2\/types\/product"}],"replies":[{"embeddable":true,"href":"https:\/\/traveljoyegypt.com\/es\/wp-json\/wp\/v2\/comments?post=4739"}],"wp:featuredmedia":[{"embeddable":true,"href":"https:\/\/traveljoyegypt.com\/es\/wp-json\/wp\/v2\/media\/6099"}],"wp:attachment":[{"href":"https:\/\/traveljoyegypt.com\/es\/wp-json\/wp\/v2\/media?parent=4739"}],"wp:term":[{"taxonomy":"product_cat","embeddable":true,"href":"https:\/\/traveljoyegypt.com\/es\/wp-json\/wp\/v2\/product_cat?post=4739"},{"taxonomy":"product_tag","embeddable":true,"href":"https:\/\/traveljoyegypt.com\/es\/wp-json\/wp\/v2\/product_tag?post=4739"}],"curies":[{"name":"wp","href":"https:\/\/api.w.org\/{rel}","templated":true}]}}