{"id":4741,"date":"2024-03-13T18:44:47","date_gmt":"2024-03-13T18:44:47","guid":{"rendered":"https:\/\/traveljoyegypt.com\/?post_type=product&#038;p=4741"},"modified":"2025-05-29T05:40:34","modified_gmt":"2025-05-29T05:40:34","slug":"7-days-6-nights-tours-to-giza-pyramids-aswan-high-dam-philae-temple-abu-simbel-luxor-kings-valley-cairo-city","status":"publish","type":"product","link":"https:\/\/traveljoyegypt.com\/es\/tours\/7-dias-6-noches-tours-a-giza-piramides-asuan-high-dam-filae-temple-abu-simbel-luxor-kings-valley-cairo-city\/","title":{"rendered":"Paquete tur\u00edstico econ\u00f3mico de 7 d\u00edas por Egipto"},"content":{"rendered":"","protected":false},"excerpt":{"rendered":"<p>Viaje a trav\u00e9s de la historia en esta excursi\u00f3n de 7 d\u00edas en la que visitar\u00e1 las emblem\u00e1ticas Pir\u00e1mides, los templos de Luxor y los santuarios excavados en la roca de Abu Simbel, guiado por expertos egipt\u00f3logos.<\/p>","protected":false},"featured_media":6000,"comment_status":"open","ping_status":"closed","template":"","meta":{"_monsterinsights_skip_tracking":false,"_monsterinsights_sitenote_active":false,"_monsterinsights_sitenote_note":"","_monsterinsights_sitenote_category":0},"product_cat":[67,73,61],"product_tag":[],"class_list":{"0":"post-4741","1":"product","2":"type-product","3":"status-publish","4":"has-post-thumbnail","6":"product_cat-tour-egypt-packages-for-7-days-6-nights","7":"product_cat-top-rated-egypt-tours","8":"product_cat-egypt-tours-travel-packages-trip-deals","10":"first","11":"instock","12":"shipping-taxable","13":"purchasable","14":"product-type-ovabrw_car_rental"},"acf":[],"_links":{"self":[{"href":"https:\/\/traveljoyegypt.com\/es\/wp-json\/wp\/v2\/product\/4741","targetHints":{"allow":["GET"]}}],"collection":[{"href":"https:\/\/traveljoyegypt.com\/es\/wp-json\/wp\/v2\/product"}],"about":[{"href":"https:\/\/traveljoyegypt.com\/es\/wp-json\/wp\/v2\/types\/product"}],"replies":[{"embeddable":true,"href":"https:\/\/traveljoyegypt.com\/es\/wp-json\/wp\/v2\/comments?post=4741"}],"wp:featuredmedia":[{"embeddable":true,"href":"https:\/\/traveljoyegypt.com\/es\/wp-json\/wp\/v2\/media\/6000"}],"wp:attachment":[{"href":"https:\/\/traveljoyegypt.com\/es\/wp-json\/wp\/v2\/media?parent=4741"}],"wp:term":[{"taxonomy":"product_cat","embeddable":true,"href":"https:\/\/traveljoyegypt.com\/es\/wp-json\/wp\/v2\/product_cat?post=4741"},{"taxonomy":"product_tag","embeddable":true,"href":"https:\/\/traveljoyegypt.com\/es\/wp-json\/wp\/v2\/product_tag?post=4741"}],"curies":[{"name":"wp","href":"https:\/\/api.w.org\/{rel}","templated":true}]}}