{"id":5617,"date":"2024-04-15T05:01:28","date_gmt":"2024-04-15T05:01:28","guid":{"rendered":"https:\/\/traveljoyegypt.com\/?post_type=product&#038;p=5617"},"modified":"2025-05-08T08:49:29","modified_gmt":"2025-05-08T08:49:29","slug":"3-days-cairo-city-tour","status":"publish","type":"product","link":"https:\/\/traveljoyegypt.com\/es\/tours\/3-days-cairo-city-tour\/","title":{"rendered":"Excursi\u00f3n de 3 d\u00edas por El Cairo"},"content":{"rendered":"","protected":false},"excerpt":{"rendered":"<p>Explore las Pir\u00e1mides de Guiza, la Esfinge y el Museo Egipcio en un recorrido privado de 3 d\u00edas por El Cairo que incluye gu\u00eda profesional, visitas a lugares emblem\u00e1ticos.<\/p>","protected":false},"featured_media":6258,"comment_status":"open","ping_status":"closed","template":"","meta":{"_monsterinsights_skip_tracking":false,"_monsterinsights_sitenote_active":false,"_monsterinsights_sitenote_note":"","_monsterinsights_sitenote_category":0},"product_cat":[63,61],"product_tag":[],"class_list":{"0":"post-5617","1":"product","2":"type-product","3":"status-publish","4":"has-post-thumbnail","6":"product_cat-best-egypt-travel-deals-tour-packages-3-days-2-nights","7":"product_cat-egypt-tours-travel-packages-trip-deals","9":"first","10":"instock","11":"shipping-taxable","12":"purchasable","13":"product-type-ovabrw_car_rental"},"acf":[],"_links":{"self":[{"href":"https:\/\/traveljoyegypt.com\/es\/wp-json\/wp\/v2\/product\/5617","targetHints":{"allow":["GET"]}}],"collection":[{"href":"https:\/\/traveljoyegypt.com\/es\/wp-json\/wp\/v2\/product"}],"about":[{"href":"https:\/\/traveljoyegypt.com\/es\/wp-json\/wp\/v2\/types\/product"}],"replies":[{"embeddable":true,"href":"https:\/\/traveljoyegypt.com\/es\/wp-json\/wp\/v2\/comments?post=5617"}],"wp:featuredmedia":[{"embeddable":true,"href":"https:\/\/traveljoyegypt.com\/es\/wp-json\/wp\/v2\/media\/6258"}],"wp:attachment":[{"href":"https:\/\/traveljoyegypt.com\/es\/wp-json\/wp\/v2\/media?parent=5617"}],"wp:term":[{"taxonomy":"product_cat","embeddable":true,"href":"https:\/\/traveljoyegypt.com\/es\/wp-json\/wp\/v2\/product_cat?post=5617"},{"taxonomy":"product_tag","embeddable":true,"href":"https:\/\/traveljoyegypt.com\/es\/wp-json\/wp\/v2\/product_tag?post=5617"}],"curies":[{"name":"wp","href":"https:\/\/api.w.org\/{rel}","templated":true}]}}