{"id":5620,"date":"2024-04-15T06:40:22","date_gmt":"2024-04-15T06:40:22","guid":{"rendered":"https:\/\/traveljoyegypt.com\/?post_type=product&#038;p=5620"},"modified":"2025-05-08T09:00:57","modified_gmt":"2025-05-08T09:00:57","slug":"4-days-aswan-luxor-nile-cruise","status":"publish","type":"product","link":"https:\/\/traveljoyegypt.com\/es\/tours\/4-days-aswan-luxor-nile-cruise\/","title":{"rendered":"Crucero de 4 d\u00edas de Asu\u00e1n a Luxor por el Nilo"},"content":{"rendered":"","protected":false},"excerpt":{"rendered":"<p>Explore a todo lujo los lugares m\u00e1s emblem\u00e1ticos de Egipto en un crucero de 4 d\u00edas por el Nilo entre Asu\u00e1n y Luxor, que incluye el Valle de los Reyes y el mayor complejo de templos del mundo, Karnak.<\/p>","protected":false},"featured_media":6052,"comment_status":"open","ping_status":"closed","template":"","meta":{"_monsterinsights_skip_tracking":false,"_monsterinsights_sitenote_active":false,"_monsterinsights_sitenote_note":"","_monsterinsights_sitenote_category":0},"product_cat":[64,98,61],"product_tag":[],"class_list":{"0":"post-5620","1":"product","2":"type-product","3":"status-publish","4":"has-post-thumbnail","6":"product_cat-cheap-egypt-tours-for-4-days-3-nights","7":"product_cat-aswan","8":"product_cat-egypt-tours-travel-packages-trip-deals","10":"first","11":"instock","12":"shipping-taxable","13":"purchasable","14":"product-type-ovabrw_car_rental"},"acf":[],"_links":{"self":[{"href":"https:\/\/traveljoyegypt.com\/es\/wp-json\/wp\/v2\/product\/5620","targetHints":{"allow":["GET"]}}],"collection":[{"href":"https:\/\/traveljoyegypt.com\/es\/wp-json\/wp\/v2\/product"}],"about":[{"href":"https:\/\/traveljoyegypt.com\/es\/wp-json\/wp\/v2\/types\/product"}],"replies":[{"embeddable":true,"href":"https:\/\/traveljoyegypt.com\/es\/wp-json\/wp\/v2\/comments?post=5620"}],"wp:featuredmedia":[{"embeddable":true,"href":"https:\/\/traveljoyegypt.com\/es\/wp-json\/wp\/v2\/media\/6052"}],"wp:attachment":[{"href":"https:\/\/traveljoyegypt.com\/es\/wp-json\/wp\/v2\/media?parent=5620"}],"wp:term":[{"taxonomy":"product_cat","embeddable":true,"href":"https:\/\/traveljoyegypt.com\/es\/wp-json\/wp\/v2\/product_cat?post=5620"},{"taxonomy":"product_tag","embeddable":true,"href":"https:\/\/traveljoyegypt.com\/es\/wp-json\/wp\/v2\/product_tag?post=5620"}],"curies":[{"name":"wp","href":"https:\/\/api.w.org\/{rel}","templated":true}]}}