{"id":5626,"date":"2024-04-15T12:02:59","date_gmt":"2024-04-15T12:02:59","guid":{"rendered":"https:\/\/traveljoyegypt.com\/?post_type=product&#038;p=5626"},"modified":"2024-05-21T10:17:34","modified_gmt":"2024-05-21T10:17:34","slug":"6-days-cairo-and-nile-cruise-tour-package","status":"publish","type":"product","link":"https:\/\/traveljoyegypt.com\/es\/tours\/6-days-cairo-and-nile-cruise-tour-package\/","title":{"rendered":"Paquete tur\u00edstico de 6 d\u00edas por El Cairo y el Nilo"},"content":{"rendered":"","protected":false},"excerpt":{"rendered":"<p>Recorrido de 6 d\u00edas por El Cairo y el Nilo en crucero visitando las pir\u00e1mides de Guiza, el Museo Egipcio y los templos de Luxor y Asu\u00e1n mientras disfruta de un crucero de lujo por el r\u00edo Nilo.<\/p>","protected":false},"featured_media":5176,"comment_status":"open","ping_status":"closed","template":"","meta":{"_monsterinsights_skip_tracking":false,"_monsterinsights_sitenote_active":false,"_monsterinsights_sitenote_note":"","_monsterinsights_sitenote_category":0},"product_cat":[66,61],"product_tag":[],"class_list":{"0":"post-5626","1":"product","2":"type-product","3":"status-publish","4":"has-post-thumbnail","6":"product_cat-egypt-holidays-offers-6-days-5-nights","7":"product_cat-egypt-tours-travel-packages-trip-deals","9":"first","10":"instock","11":"shipping-taxable","12":"purchasable","13":"product-type-ovabrw_car_rental"},"acf":[],"_links":{"self":[{"href":"https:\/\/traveljoyegypt.com\/es\/wp-json\/wp\/v2\/product\/5626","targetHints":{"allow":["GET"]}}],"collection":[{"href":"https:\/\/traveljoyegypt.com\/es\/wp-json\/wp\/v2\/product"}],"about":[{"href":"https:\/\/traveljoyegypt.com\/es\/wp-json\/wp\/v2\/types\/product"}],"replies":[{"embeddable":true,"href":"https:\/\/traveljoyegypt.com\/es\/wp-json\/wp\/v2\/comments?post=5626"}],"wp:featuredmedia":[{"embeddable":true,"href":"https:\/\/traveljoyegypt.com\/es\/wp-json\/wp\/v2\/media\/5176"}],"wp:attachment":[{"href":"https:\/\/traveljoyegypt.com\/es\/wp-json\/wp\/v2\/media?parent=5626"}],"wp:term":[{"taxonomy":"product_cat","embeddable":true,"href":"https:\/\/traveljoyegypt.com\/es\/wp-json\/wp\/v2\/product_cat?post=5626"},{"taxonomy":"product_tag","embeddable":true,"href":"https:\/\/traveljoyegypt.com\/es\/wp-json\/wp\/v2\/product_tag?post=5626"}],"curies":[{"name":"wp","href":"https:\/\/api.w.org\/{rel}","templated":true}]}}