{"id":5633,"date":"2024-04-16T05:32:25","date_gmt":"2024-04-16T05:32:25","guid":{"rendered":"https:\/\/traveljoyegypt.com\/?post_type=product&#038;p=5633"},"modified":"2024-11-14T06:54:23","modified_gmt":"2024-11-14T06:54:23","slug":"9-days-tour-cairo-luxor-aswan-nile-cruise-by-air","status":"publish","type":"product","link":"https:\/\/traveljoyegypt.com\/es\/tours\/9-days-tour-cairo-luxor-aswan-nile-cruise-by-air\/","title":{"rendered":"9 d\u00edas El Cairo, Luxor, Asu\u00e1n y crucero por el Nilo en avi\u00f3n"},"content":{"rendered":"","protected":false},"excerpt":{"rendered":"<p>Explore el antiguo Egipto: Pase 9 d\u00edas entre El Cairo, Luxor y Asu\u00e1n visitando lugares emblem\u00e1ticos durante el d\u00eda y recorriendo el Nilo por la noche a todo lujo.<\/p>","protected":false},"featured_media":6265,"comment_status":"open","ping_status":"closed","template":"","meta":{"_monsterinsights_skip_tracking":false,"_monsterinsights_sitenote_active":false,"_monsterinsights_sitenote_note":"","_monsterinsights_sitenote_category":0},"product_cat":[69,98,97,61],"product_tag":[],"class_list":{"0":"post-5633","1":"product","2":"type-product","3":"status-publish","4":"has-post-thumbnail","6":"product_cat-explore-egypt-in-9-days-8-nights-travel-package","7":"product_cat-aswan","8":"product_cat-luxor","9":"product_cat-egypt-tours-travel-packages-trip-deals","11":"first","12":"instock","13":"shipping-taxable","14":"purchasable","15":"product-type-ovabrw_car_rental"},"acf":[],"_links":{"self":[{"href":"https:\/\/traveljoyegypt.com\/es\/wp-json\/wp\/v2\/product\/5633","targetHints":{"allow":["GET"]}}],"collection":[{"href":"https:\/\/traveljoyegypt.com\/es\/wp-json\/wp\/v2\/product"}],"about":[{"href":"https:\/\/traveljoyegypt.com\/es\/wp-json\/wp\/v2\/types\/product"}],"replies":[{"embeddable":true,"href":"https:\/\/traveljoyegypt.com\/es\/wp-json\/wp\/v2\/comments?post=5633"}],"wp:featuredmedia":[{"embeddable":true,"href":"https:\/\/traveljoyegypt.com\/es\/wp-json\/wp\/v2\/media\/6265"}],"wp:attachment":[{"href":"https:\/\/traveljoyegypt.com\/es\/wp-json\/wp\/v2\/media?parent=5633"}],"wp:term":[{"taxonomy":"product_cat","embeddable":true,"href":"https:\/\/traveljoyegypt.com\/es\/wp-json\/wp\/v2\/product_cat?post=5633"},{"taxonomy":"product_tag","embeddable":true,"href":"https:\/\/traveljoyegypt.com\/es\/wp-json\/wp\/v2\/product_tag?post=5633"}],"curies":[{"name":"wp","href":"https:\/\/api.w.org\/{rel}","templated":true}]}}