{"id":5840,"date":"2024-04-21T00:28:12","date_gmt":"2024-04-21T00:28:12","guid":{"rendered":"https:\/\/traveljoyegypt.com\/?post_type=product&#038;p=5840"},"modified":"2024-08-03T11:34:56","modified_gmt":"2024-08-03T11:34:56","slug":"three-pyramids-dahabiya-nile-cruise","status":"publish","type":"product","link":"https:\/\/traveljoyegypt.com\/es\/tours\/three-pyramids-dahabiya-nile-cruise\/","title":{"rendered":"Crucero de las Tres Pir\u00e1mides Dahabiya por el Nilo"},"content":{"rendered":"","protected":false},"excerpt":{"rendered":"<p>Explore el legendario pasado de Egipto con todo lujo a bordo de un barco tradicional, navegue por el Nilo entre Luxor y Asu\u00e1n visitando las Tres Pir\u00e1mides y mucho m\u00e1s.<\/p>","protected":false},"featured_media":6974,"comment_status":"open","ping_status":"closed","template":"","meta":{"_monsterinsights_skip_tracking":false,"_monsterinsights_sitenote_active":false,"_monsterinsights_sitenote_note":"","_monsterinsights_sitenote_category":0},"product_cat":[79,74],"product_tag":[],"class_list":{"0":"post-5840","1":"product","2":"type-product","3":"status-publish","4":"has-post-thumbnail","6":"product_cat-dahabiya-nile-cruise","7":"product_cat-nile-cruise","9":"first","10":"instock","11":"shipping-taxable","12":"purchasable","13":"product-type-ovabrw_car_rental"},"acf":[],"_links":{"self":[{"href":"https:\/\/traveljoyegypt.com\/es\/wp-json\/wp\/v2\/product\/5840","targetHints":{"allow":["GET"]}}],"collection":[{"href":"https:\/\/traveljoyegypt.com\/es\/wp-json\/wp\/v2\/product"}],"about":[{"href":"https:\/\/traveljoyegypt.com\/es\/wp-json\/wp\/v2\/types\/product"}],"replies":[{"embeddable":true,"href":"https:\/\/traveljoyegypt.com\/es\/wp-json\/wp\/v2\/comments?post=5840"}],"wp:featuredmedia":[{"embeddable":true,"href":"https:\/\/traveljoyegypt.com\/es\/wp-json\/wp\/v2\/media\/6974"}],"wp:attachment":[{"href":"https:\/\/traveljoyegypt.com\/es\/wp-json\/wp\/v2\/media?parent=5840"}],"wp:term":[{"taxonomy":"product_cat","embeddable":true,"href":"https:\/\/traveljoyegypt.com\/es\/wp-json\/wp\/v2\/product_cat?post=5840"},{"taxonomy":"product_tag","embeddable":true,"href":"https:\/\/traveljoyegypt.com\/es\/wp-json\/wp\/v2\/product_tag?post=5840"}],"curies":[{"name":"wp","href":"https:\/\/api.w.org\/{rel}","templated":true}]}}