{"id":5847,"date":"2024-04-21T13:27:09","date_gmt":"2024-04-21T13:27:09","guid":{"rendered":"https:\/\/traveljoyegypt.com\/?post_type=product&#038;p=5847"},"modified":"2024-08-03T11:46:25","modified_gmt":"2024-08-03T11:46:25","slug":"abundance-dahabiya-nile-cruise","status":"publish","type":"product","link":"https:\/\/traveljoyegypt.com\/es\/tours\/abundancia-dahabiya-nilo-crucero\/","title":{"rendered":"Crucero Abundancia Dahabiya por el Nilo"},"content":{"rendered":"","protected":false},"excerpt":{"rendered":"<p>Explore el legendario r\u00edo Nilo desde Luxor hasta Asu\u00e1n en un velero tradicional y visite templos emblem\u00e1ticos como Karnak y Philae.<\/p>","protected":false},"featured_media":6981,"comment_status":"open","ping_status":"closed","template":"","meta":{"_monsterinsights_skip_tracking":false,"_monsterinsights_sitenote_active":false,"_monsterinsights_sitenote_note":"","_monsterinsights_sitenote_category":0},"product_cat":[79,74],"product_tag":[],"class_list":{"0":"post-5847","1":"product","2":"type-product","3":"status-publish","4":"has-post-thumbnail","6":"product_cat-dahabiya-nile-cruise","7":"product_cat-nile-cruise","9":"first","10":"instock","11":"shipping-taxable","12":"purchasable","13":"product-type-ovabrw_car_rental"},"acf":[],"_links":{"self":[{"href":"https:\/\/traveljoyegypt.com\/es\/wp-json\/wp\/v2\/product\/5847","targetHints":{"allow":["GET"]}}],"collection":[{"href":"https:\/\/traveljoyegypt.com\/es\/wp-json\/wp\/v2\/product"}],"about":[{"href":"https:\/\/traveljoyegypt.com\/es\/wp-json\/wp\/v2\/types\/product"}],"replies":[{"embeddable":true,"href":"https:\/\/traveljoyegypt.com\/es\/wp-json\/wp\/v2\/comments?post=5847"}],"wp:featuredmedia":[{"embeddable":true,"href":"https:\/\/traveljoyegypt.com\/es\/wp-json\/wp\/v2\/media\/6981"}],"wp:attachment":[{"href":"https:\/\/traveljoyegypt.com\/es\/wp-json\/wp\/v2\/media?parent=5847"}],"wp:term":[{"taxonomy":"product_cat","embeddable":true,"href":"https:\/\/traveljoyegypt.com\/es\/wp-json\/wp\/v2\/product_cat?post=5847"},{"taxonomy":"product_tag","embeddable":true,"href":"https:\/\/traveljoyegypt.com\/es\/wp-json\/wp\/v2\/product_tag?post=5847"}],"curies":[{"name":"wp","href":"https:\/\/api.w.org\/{rel}","templated":true}]}}