{"id":6759,"date":"2024-05-25T03:42:30","date_gmt":"2024-05-25T03:42:30","guid":{"rendered":"https:\/\/traveljoyegypt.com\/?post_type=product&#038;p=6759"},"modified":"2024-07-25T10:15:26","modified_gmt":"2024-07-25T10:15:26","slug":"day-tour-to-cairo-pyramids-from-port-said","status":"publish","type":"product","link":"https:\/\/traveljoyegypt.com\/es\/tours\/day-tour-to-cairo-pyramids-from-port-said\/","title":{"rendered":"Excursi\u00f3n de un d\u00eda a El Cairo y las Pir\u00e1mides desde Port Said"},"content":{"rendered":"","protected":false},"excerpt":{"rendered":"<p>Esc\u00e1pese de su crucero durante un d\u00eda para visitar las emblem\u00e1ticas Pir\u00e1mides de Giza y la imponente Gran Esfinge antes de recorrer el Museo Egipcio, repleto de tesoros.<\/p>","protected":false},"featured_media":6280,"comment_status":"open","ping_status":"closed","template":"","meta":{"_monsterinsights_skip_tracking":false,"_monsterinsights_sitenote_active":false,"_monsterinsights_sitenote_note":"","_monsterinsights_sitenote_category":0},"product_cat":[87,88],"product_tag":[],"class_list":{"0":"post-6759","1":"product","2":"type-product","3":"status-publish","4":"has-post-thumbnail","6":"product_cat-egypt-shore-excursions","7":"product_cat-port-said-shore-excursions","9":"first","10":"instock","11":"shipping-taxable","12":"purchasable","13":"product-type-ovabrw_car_rental"},"acf":[],"_links":{"self":[{"href":"https:\/\/traveljoyegypt.com\/es\/wp-json\/wp\/v2\/product\/6759","targetHints":{"allow":["GET"]}}],"collection":[{"href":"https:\/\/traveljoyegypt.com\/es\/wp-json\/wp\/v2\/product"}],"about":[{"href":"https:\/\/traveljoyegypt.com\/es\/wp-json\/wp\/v2\/types\/product"}],"replies":[{"embeddable":true,"href":"https:\/\/traveljoyegypt.com\/es\/wp-json\/wp\/v2\/comments?post=6759"}],"wp:featuredmedia":[{"embeddable":true,"href":"https:\/\/traveljoyegypt.com\/es\/wp-json\/wp\/v2\/media\/6280"}],"wp:attachment":[{"href":"https:\/\/traveljoyegypt.com\/es\/wp-json\/wp\/v2\/media?parent=6759"}],"wp:term":[{"taxonomy":"product_cat","embeddable":true,"href":"https:\/\/traveljoyegypt.com\/es\/wp-json\/wp\/v2\/product_cat?post=6759"},{"taxonomy":"product_tag","embeddable":true,"href":"https:\/\/traveljoyegypt.com\/es\/wp-json\/wp\/v2\/product_tag?post=6759"}],"curies":[{"name":"wp","href":"https:\/\/api.w.org\/{rel}","templated":true}]}}