{"id":6773,"date":"2024-05-25T16:20:00","date_gmt":"2024-05-25T16:20:00","guid":{"rendered":"https:\/\/traveljoyegypt.com\/?post_type=product&#038;p=6773"},"modified":"2024-11-14T12:09:14","modified_gmt":"2024-11-14T12:09:14","slug":"cairo-pyramids-day-trip-from-port-sokhna","status":"publish","type":"product","link":"https:\/\/traveljoyegypt.com\/es\/tours\/cairo-pyramids-day-trip-from-port-sokhna\/","title":{"rendered":"Excursi\u00f3n de un d\u00eda a El Cairo y las Pir\u00e1mides desde Puerto Sokhna"},"content":{"rendered":"","protected":false},"excerpt":{"rendered":"<p>See Pyramids of Giza, Sphinx and Cairo Museum, then return to port.<\/p>","protected":false},"featured_media":6060,"comment_status":"open","ping_status":"closed","template":"","meta":{"_monsterinsights_skip_tracking":false,"_monsterinsights_sitenote_active":false,"_monsterinsights_sitenote_note":"","_monsterinsights_sitenote_category":0},"product_cat":[87,89],"product_tag":[],"class_list":{"0":"post-6773","1":"product","2":"type-product","3":"status-publish","4":"has-post-thumbnail","6":"product_cat-egypt-shore-excursions","7":"product_cat-sokhna-port-shore-excursion","9":"first","10":"instock","11":"shipping-taxable","12":"purchasable","13":"product-type-ovabrw_car_rental"},"acf":[],"_links":{"self":[{"href":"https:\/\/traveljoyegypt.com\/es\/wp-json\/wp\/v2\/product\/6773","targetHints":{"allow":["GET"]}}],"collection":[{"href":"https:\/\/traveljoyegypt.com\/es\/wp-json\/wp\/v2\/product"}],"about":[{"href":"https:\/\/traveljoyegypt.com\/es\/wp-json\/wp\/v2\/types\/product"}],"replies":[{"embeddable":true,"href":"https:\/\/traveljoyegypt.com\/es\/wp-json\/wp\/v2\/comments?post=6773"}],"wp:featuredmedia":[{"embeddable":true,"href":"https:\/\/traveljoyegypt.com\/es\/wp-json\/wp\/v2\/media\/6060"}],"wp:attachment":[{"href":"https:\/\/traveljoyegypt.com\/es\/wp-json\/wp\/v2\/media?parent=6773"}],"wp:term":[{"taxonomy":"product_cat","embeddable":true,"href":"https:\/\/traveljoyegypt.com\/es\/wp-json\/wp\/v2\/product_cat?post=6773"},{"taxonomy":"product_tag","embeddable":true,"href":"https:\/\/traveljoyegypt.com\/es\/wp-json\/wp\/v2\/product_tag?post=6773"}],"curies":[{"name":"wp","href":"https:\/\/api.w.org\/{rel}","templated":true}]}}