{"id":6792,"date":"2024-05-26T18:14:59","date_gmt":"2024-05-26T18:14:59","guid":{"rendered":"https:\/\/traveljoyegypt.com\/?post_type=product&#038;p=6792"},"modified":"2024-11-14T12:06:57","modified_gmt":"2024-11-14T12:06:57","slug":"day-tour-to-cairo-from-alexandria-port","status":"publish","type":"product","link":"https:\/\/traveljoyegypt.com\/es\/tours\/day-tour-to-cairo-from-alexandria-port\/","title":{"rendered":"Excursi\u00f3n de un d\u00eda a El Cairo desde el puerto de Alejandr\u00eda"},"content":{"rendered":"","protected":false},"excerpt":{"rendered":"<p>Marvel at the Great Pyramids and Sphinx, then delve into ancient treasures at the jam-packed Egyptian Museum before returning to your ship.<\/p>","protected":false},"featured_media":6055,"comment_status":"open","ping_status":"closed","template":"","meta":{"_monsterinsights_skip_tracking":false,"_monsterinsights_sitenote_active":false,"_monsterinsights_sitenote_note":"","_monsterinsights_sitenote_category":0},"product_cat":[91,87],"product_tag":[],"class_list":{"0":"post-6792","1":"product","2":"type-product","3":"status-publish","4":"has-post-thumbnail","6":"product_cat-alexandria-port-shore-excursions","7":"product_cat-egypt-shore-excursions","9":"first","10":"instock","11":"shipping-taxable","12":"purchasable","13":"product-type-ovabrw_car_rental"},"acf":[],"_links":{"self":[{"href":"https:\/\/traveljoyegypt.com\/es\/wp-json\/wp\/v2\/product\/6792","targetHints":{"allow":["GET"]}}],"collection":[{"href":"https:\/\/traveljoyegypt.com\/es\/wp-json\/wp\/v2\/product"}],"about":[{"href":"https:\/\/traveljoyegypt.com\/es\/wp-json\/wp\/v2\/types\/product"}],"replies":[{"embeddable":true,"href":"https:\/\/traveljoyegypt.com\/es\/wp-json\/wp\/v2\/comments?post=6792"}],"wp:featuredmedia":[{"embeddable":true,"href":"https:\/\/traveljoyegypt.com\/es\/wp-json\/wp\/v2\/media\/6055"}],"wp:attachment":[{"href":"https:\/\/traveljoyegypt.com\/es\/wp-json\/wp\/v2\/media?parent=6792"}],"wp:term":[{"taxonomy":"product_cat","embeddable":true,"href":"https:\/\/traveljoyegypt.com\/es\/wp-json\/wp\/v2\/product_cat?post=6792"},{"taxonomy":"product_tag","embeddable":true,"href":"https:\/\/traveljoyegypt.com\/es\/wp-json\/wp\/v2\/product_tag?post=6792"}],"curies":[{"name":"wp","href":"https:\/\/api.w.org\/{rel}","templated":true}]}}