{"id":6796,"date":"2024-05-26T19:40:37","date_gmt":"2024-05-26T19:40:37","guid":{"rendered":"https:\/\/traveljoyegypt.com\/?post_type=product&#038;p=6796"},"modified":"2024-07-25T11:41:05","modified_gmt":"2024-07-25T11:41:05","slug":"2-days-cairo-tour-from-alexandria-port-return-to-port-said","status":"publish","type":"product","link":"https:\/\/traveljoyegypt.com\/es\/tours\/2-days-cairo-tour-from-alexandria-port-return-to-port-said\/","title":{"rendered":"Excursi\u00f3n de 2 d\u00edas a El Cairo desde el puerto de Alejandr\u00eda Regreso a Port Said"},"content":{"rendered":"","protected":false},"excerpt":{"rendered":"<p>Pase dos d\u00edas desde Alejandr\u00eda adentr\u00e1ndose en los antiguos monumentos y lugares de inter\u00e9s de los alrededores de El Cairo antes de regresar guiado a Port Said.<\/p>","protected":false},"featured_media":6020,"comment_status":"open","ping_status":"closed","template":"","meta":{"_monsterinsights_skip_tracking":false,"_monsterinsights_sitenote_active":false,"_monsterinsights_sitenote_note":"","_monsterinsights_sitenote_category":0},"product_cat":[91,87],"product_tag":[],"class_list":{"0":"post-6796","1":"product","2":"type-product","3":"status-publish","4":"has-post-thumbnail","6":"product_cat-alexandria-port-shore-excursions","7":"product_cat-egypt-shore-excursions","9":"first","10":"instock","11":"shipping-taxable","12":"purchasable","13":"product-type-ovabrw_car_rental"},"acf":[],"_links":{"self":[{"href":"https:\/\/traveljoyegypt.com\/es\/wp-json\/wp\/v2\/product\/6796","targetHints":{"allow":["GET"]}}],"collection":[{"href":"https:\/\/traveljoyegypt.com\/es\/wp-json\/wp\/v2\/product"}],"about":[{"href":"https:\/\/traveljoyegypt.com\/es\/wp-json\/wp\/v2\/types\/product"}],"replies":[{"embeddable":true,"href":"https:\/\/traveljoyegypt.com\/es\/wp-json\/wp\/v2\/comments?post=6796"}],"wp:featuredmedia":[{"embeddable":true,"href":"https:\/\/traveljoyegypt.com\/es\/wp-json\/wp\/v2\/media\/6020"}],"wp:attachment":[{"href":"https:\/\/traveljoyegypt.com\/es\/wp-json\/wp\/v2\/media?parent=6796"}],"wp:term":[{"taxonomy":"product_cat","embeddable":true,"href":"https:\/\/traveljoyegypt.com\/es\/wp-json\/wp\/v2\/product_cat?post=6796"},{"taxonomy":"product_tag","embeddable":true,"href":"https:\/\/traveljoyegypt.com\/es\/wp-json\/wp\/v2\/product_tag?post=6796"}],"curies":[{"name":"wp","href":"https:\/\/api.w.org\/{rel}","templated":true}]}}