{"id":6797,"date":"2024-05-26T19:49:52","date_gmt":"2024-05-26T19:49:52","guid":{"rendered":"https:\/\/traveljoyegypt.com\/?post_type=product&#038;p=6797"},"modified":"2024-07-25T11:45:29","modified_gmt":"2024-07-25T11:45:29","slug":"day-trip-to-pyramids-and-sakkara-from-alexandria-port","status":"publish","type":"product","link":"https:\/\/traveljoyegypt.com\/es\/tours\/day-trip-to-pyramids-and-sakkara-from-alexandria-port\/","title":{"rendered":"Excursi\u00f3n de un d\u00eda a las Pir\u00e1mides y Sakkara desde el puerto de Alejandr\u00eda"},"content":{"rendered":"","protected":false},"excerpt":{"rendered":"<p>Witness the iconic Pyramids and Sphinx alongside marvels at Sakkara on a fully escorted tour from Alexandria port.<\/p>","protected":false},"featured_media":6195,"comment_status":"open","ping_status":"closed","template":"","meta":{"_monsterinsights_skip_tracking":false,"_monsterinsights_sitenote_active":false,"_monsterinsights_sitenote_note":"","_monsterinsights_sitenote_category":0},"product_cat":[91,87],"product_tag":[],"class_list":{"0":"post-6797","1":"product","2":"type-product","3":"status-publish","4":"has-post-thumbnail","6":"product_cat-alexandria-port-shore-excursions","7":"product_cat-egypt-shore-excursions","9":"first","10":"instock","11":"shipping-taxable","12":"purchasable","13":"product-type-ovabrw_car_rental"},"acf":[],"_links":{"self":[{"href":"https:\/\/traveljoyegypt.com\/es\/wp-json\/wp\/v2\/product\/6797","targetHints":{"allow":["GET"]}}],"collection":[{"href":"https:\/\/traveljoyegypt.com\/es\/wp-json\/wp\/v2\/product"}],"about":[{"href":"https:\/\/traveljoyegypt.com\/es\/wp-json\/wp\/v2\/types\/product"}],"replies":[{"embeddable":true,"href":"https:\/\/traveljoyegypt.com\/es\/wp-json\/wp\/v2\/comments?post=6797"}],"wp:featuredmedia":[{"embeddable":true,"href":"https:\/\/traveljoyegypt.com\/es\/wp-json\/wp\/v2\/media\/6195"}],"wp:attachment":[{"href":"https:\/\/traveljoyegypt.com\/es\/wp-json\/wp\/v2\/media?parent=6797"}],"wp:term":[{"taxonomy":"product_cat","embeddable":true,"href":"https:\/\/traveljoyegypt.com\/es\/wp-json\/wp\/v2\/product_cat?post=6797"},{"taxonomy":"product_tag","embeddable":true,"href":"https:\/\/traveljoyegypt.com\/es\/wp-json\/wp\/v2\/product_tag?post=6797"}],"curies":[{"name":"wp","href":"https:\/\/api.w.org\/{rel}","templated":true}]}}