{"id":4667,"date":"2024-03-06T13:52:44","date_gmt":"2024-03-06T13:52:44","guid":{"rendered":"https:\/\/traveljoyegypt.com\/?post_type=product&#038;p=4667"},"modified":"2025-08-24T21:57:04","modified_gmt":"2025-08-24T21:57:04","slug":"nubian-village-tour-in-aswan-by-boat","status":"publish","type":"product","link":"https:\/\/traveljoyegypt.com\/pt\/tours\/nubian-village-tour-in-aswan-by-boat\/","title":{"rendered":"Excurs\u00e3o de um dia \u00e0s aldeias n\u00fabias"},"content":{"rendered":"","protected":false},"excerpt":{"rendered":"<p>Embrace Nubian culture through scenic boat rides along the Nile before gaining insights into traditions of modest living from welcoming families, interacting together in their picturesque riverside village surrounded by nature&#8217;s beauty and near Aswan&#8217;s landmarks.<\/p>","protected":false},"featured_media":4668,"comment_status":"open","ping_status":"closed","template":"","meta":{"_monsterinsights_skip_tracking":false,"_monsterinsights_sitenote_active":false,"_monsterinsights_sitenote_note":"","_monsterinsights_sitenote_category":0},"product_cat":[98,55,73,52],"product_tag":[],"class_list":{"0":"post-4667","1":"product","2":"type-product","3":"status-publish","4":"has-post-thumbnail","6":"product_cat-aswan","7":"product_cat-aswan-nubia-day-tours","8":"product_cat-top-rated-egypt-tours","9":"product_cat-egypt-day-tours","11":"first","12":"instock","13":"shipping-taxable","14":"purchasable","15":"product-type-ovabrw_car_rental"},"acf":[],"_links":{"self":[{"href":"https:\/\/traveljoyegypt.com\/pt\/wp-json\/wp\/v2\/product\/4667","targetHints":{"allow":["GET"]}}],"collection":[{"href":"https:\/\/traveljoyegypt.com\/pt\/wp-json\/wp\/v2\/product"}],"about":[{"href":"https:\/\/traveljoyegypt.com\/pt\/wp-json\/wp\/v2\/types\/product"}],"replies":[{"embeddable":true,"href":"https:\/\/traveljoyegypt.com\/pt\/wp-json\/wp\/v2\/comments?post=4667"}],"wp:featuredmedia":[{"embeddable":true,"href":"https:\/\/traveljoyegypt.com\/pt\/wp-json\/wp\/v2\/media\/4668"}],"wp:attachment":[{"href":"https:\/\/traveljoyegypt.com\/pt\/wp-json\/wp\/v2\/media?parent=4667"}],"wp:term":[{"taxonomy":"product_cat","embeddable":true,"href":"https:\/\/traveljoyegypt.com\/pt\/wp-json\/wp\/v2\/product_cat?post=4667"},{"taxonomy":"product_tag","embeddable":true,"href":"https:\/\/traveljoyegypt.com\/pt\/wp-json\/wp\/v2\/product_tag?post=4667"}],"curies":[{"name":"wp","href":"https:\/\/api.w.org\/{rel}","templated":true}]}}