{"id":5625,"date":"2024-04-15T11:48:47","date_gmt":"2024-04-15T11:48:47","guid":{"rendered":"https:\/\/traveljoyegypt.com\/?post_type=product&#038;p=5625"},"modified":"2025-05-08T09:07:53","modified_gmt":"2025-05-08T09:07:53","slug":"5-days-cairo-and-nile-cruise-tour-package","status":"publish","type":"product","link":"https:\/\/traveljoyegypt.com\/pt\/tours\/5-days-cairo-and-nile-cruise-tour-package\/","title":{"rendered":"Pacote tur\u00edstico de 5 dias para o Cairo e o Cruzeiro no Nilo"},"content":{"rendered":"","protected":false},"excerpt":{"rendered":"<p>Descubra os tesouros do Egito nesta excurs\u00e3o de 5 dias pelo Cairo, Assu\u00e3o e Luxor, incluindo um cruzeiro de luxo no Nilo que explora locais emblem\u00e1ticos, templos antigos e t\u00famulos fara\u00f3nicos.<\/p>","protected":false},"featured_media":6100,"comment_status":"open","ping_status":"closed","template":"","meta":{"_monsterinsights_skip_tracking":false,"_monsterinsights_sitenote_active":false,"_monsterinsights_sitenote_note":"","_monsterinsights_sitenote_category":0},"product_cat":[65,61],"product_tag":[],"class_list":{"0":"post-5625","1":"product","2":"type-product","3":"status-publish","4":"has-post-thumbnail","6":"product_cat-cheap-egypt-vacation-offers-5-days-4-nights","7":"product_cat-egypt-tours-travel-packages-trip-deals","9":"first","10":"instock","11":"shipping-taxable","12":"purchasable","13":"product-type-ovabrw_car_rental"},"acf":[],"_links":{"self":[{"href":"https:\/\/traveljoyegypt.com\/pt\/wp-json\/wp\/v2\/product\/5625","targetHints":{"allow":["GET"]}}],"collection":[{"href":"https:\/\/traveljoyegypt.com\/pt\/wp-json\/wp\/v2\/product"}],"about":[{"href":"https:\/\/traveljoyegypt.com\/pt\/wp-json\/wp\/v2\/types\/product"}],"replies":[{"embeddable":true,"href":"https:\/\/traveljoyegypt.com\/pt\/wp-json\/wp\/v2\/comments?post=5625"}],"wp:featuredmedia":[{"embeddable":true,"href":"https:\/\/traveljoyegypt.com\/pt\/wp-json\/wp\/v2\/media\/6100"}],"wp:attachment":[{"href":"https:\/\/traveljoyegypt.com\/pt\/wp-json\/wp\/v2\/media?parent=5625"}],"wp:term":[{"taxonomy":"product_cat","embeddable":true,"href":"https:\/\/traveljoyegypt.com\/pt\/wp-json\/wp\/v2\/product_cat?post=5625"},{"taxonomy":"product_tag","embeddable":true,"href":"https:\/\/traveljoyegypt.com\/pt\/wp-json\/wp\/v2\/product_tag?post=5625"}],"curies":[{"name":"wp","href":"https:\/\/api.w.org\/{rel}","templated":true}]}}