{"id":5836,"date":"2024-04-19T11:00:47","date_gmt":"2024-04-19T11:00:47","guid":{"rendered":"https:\/\/traveljoyegypt.com\/?post_type=product&#038;p=5836"},"modified":"2024-11-14T12:00:48","modified_gmt":"2024-11-14T12:00:48","slug":"14-days-egypt-jordan-highlights-tour","status":"publish","type":"product","link":"https:\/\/traveljoyegypt.com\/pt\/tours\/14-days-egypt-jordan-highlights-tour\/","title":{"rendered":"14 dias de viagem ao Egito e Jord\u00e2nia"},"content":{"rendered":"","protected":false},"excerpt":{"rendered":"<p>Explore as pir\u00e2mides, fa\u00e7a um cruzeiro no Nilo, relaxe em Sharm e visite Petra nesta excurs\u00e3o de valor pelo Egito e Jord\u00e2nia.<\/p>","protected":false},"featured_media":6169,"comment_status":"open","ping_status":"closed","template":"","meta":{"_monsterinsights_skip_tracking":false,"_monsterinsights_sitenote_active":false,"_monsterinsights_sitenote_note":"","_monsterinsights_sitenote_category":0},"product_cat":[81,76,61],"product_tag":[],"class_list":{"0":"post-5836","1":"product","2":"type-product","3":"status-publish","4":"has-post-thumbnail","6":"product_cat-egypt-jordan","7":"product_cat-more-than-12-days","8":"product_cat-egypt-tours-travel-packages-trip-deals","10":"first","11":"instock","12":"shipping-taxable","13":"purchasable","14":"product-type-ovabrw_car_rental"},"acf":[],"_links":{"self":[{"href":"https:\/\/traveljoyegypt.com\/pt\/wp-json\/wp\/v2\/product\/5836","targetHints":{"allow":["GET"]}}],"collection":[{"href":"https:\/\/traveljoyegypt.com\/pt\/wp-json\/wp\/v2\/product"}],"about":[{"href":"https:\/\/traveljoyegypt.com\/pt\/wp-json\/wp\/v2\/types\/product"}],"replies":[{"embeddable":true,"href":"https:\/\/traveljoyegypt.com\/pt\/wp-json\/wp\/v2\/comments?post=5836"}],"wp:featuredmedia":[{"embeddable":true,"href":"https:\/\/traveljoyegypt.com\/pt\/wp-json\/wp\/v2\/media\/6169"}],"wp:attachment":[{"href":"https:\/\/traveljoyegypt.com\/pt\/wp-json\/wp\/v2\/media?parent=5836"}],"wp:term":[{"taxonomy":"product_cat","embeddable":true,"href":"https:\/\/traveljoyegypt.com\/pt\/wp-json\/wp\/v2\/product_cat?post=5836"},{"taxonomy":"product_tag","embeddable":true,"href":"https:\/\/traveljoyegypt.com\/pt\/wp-json\/wp\/v2\/product_tag?post=5836"}],"curies":[{"name":"wp","href":"https:\/\/api.w.org\/{rel}","templated":true}]}}